{"id":70,"date":"2023-03-18T23:16:21","date_gmt":"2023-03-19T02:16:21","guid":{"rendered":"https:\/\/www.hdgroup.cl\/compliance\/?page_id=70"},"modified":"2023-03-29T19:23:20","modified_gmt":"2023-03-29T19:23:20","slug":"noticias","status":"publish","type":"page","link":"https:\/\/www.hdgroup.cl\/tax\/noticias\/","title":{"rendered":"Noticias"},"content":{"rendered":"\n<div class=\"wp-block-group alignfull\" style=\"padding-top:var(--wp--preset--spacing--50);padding-right:var(--wp--preset--spacing--50);padding-bottom:var(--wp--preset--spacing--50);padding-left:var(--wp--preset--spacing--50)\"><div class=\"wp-block-group__inner-container is-layout-constrained wp-container-core-group-is-layout-d399502e wp-block-group-is-layout-constrained\">\n<p class=\"enlace-linkedin\"><a rel=\"noreferrer noopener\" href=\"https:\/\/www.linkedin.com\/company\/honorato-delaveau\/?originalSubdomain=cl\" target=\"_blank\"><img decoding=\"async\" class=\"wp-image-433\" style=\"width: 26px;\" src=\"https:\/\/www.hdgroup.cl\/legal\/wp-content\/uploads\/sites\/2\/2023\/03\/icono-linkedin.svg\" alt=\"\"><\/a>Nuestro orgullo<\/p>\n\n\n<h1 class=\"wp-block-post-title\">Noticias<\/h1>\n\n\n<div class=\"wp-block-columns is-layout-flex wp-container-core-columns-is-layout-9d6595d7 wp-block-columns-is-layout-flex\">\n<div class=\"wp-block-column is-layout-flow wp-block-column-is-layout-flow\" style=\"flex-basis:66.66%\"><\/div>\n\n\n\n<div class=\"wp-block-column is-layout-flow wp-block-column-is-layout-flow\" style=\"flex-basis:33.33%\"><\/div>\n<\/div>\n\n\n\n\n<div class=\"grilla-posts-wrapper\">\n    <div id=\"grilla-posts-mb-block-593deb23-7964-4069-b3f2-999c6f3e3663\" class=\"grilla-posts  text-white\">\n            <ul id=\"grilla-posts\" class=\"list-unstyled pl-0\">\n                    <li class=\"item-post post-568 post type-post status-publish format-standard hentry category-legal-alerts\">\n    <a target=\"_blank\" href=\"\">\n        <div class=\"post-meta\">\n            <span class=\"d-block categoria text-uppercase\">\n                Legal Alerts            <\/span>\n                        <span class=\"d-block fecha\">julio 14th 2025<\/span>\n                    <\/div>\n        <h2>Publicaci\u00f3n ley de simplificaci\u00f3n regulatoria y promoci\u00f3n de la actividad econ\u00f3mica<\/h2>\n        <p>Con fecha 11 de julio del presente a\u00f1o se ha publicado en el Diario Oficial el texto de la Ley de Simplificaci\u00f3n Regulatoria y Promoci\u00f3n de la Actividad Econ\u00f3mica.<\/p>\n        \n    <\/a>\n<\/li>                    <li class=\"item-post post-566 post type-post status-publish format-standard hentry category-alertas-legales\">\n    <a target=\"_blank\" href=\"https:\/\/www.hdgroup.cl\/tax\/wp-content\/uploads\/sites\/5\/2025\/07\/Alerta-legal_HD-Tax-Ley-de-Simplificacion-Regulatoria.pdf\">\n        <div class=\"post-meta\">\n            <span class=\"d-block categoria text-uppercase\">\n                Alertas legales            <\/span>\n                        <span class=\"d-block fecha\">julio 14th 2025<\/span>\n                    <\/div>\n        <h2>Publicaci\u00f3n ley de simplificaci\u00f3n regulatoria y promoci\u00f3n de la actividad econ\u00f3mica<\/h2>\n        <p>Con fecha 11 de julio del presente a\u00f1o se ha publicado en el Diario Oficial el texto de la Ley de Simplificaci\u00f3n Regulatoria y Promoci\u00f3n de la Actividad Econ\u00f3mica.<\/p>\n        \n    <\/a>\n<\/li>                    <li class=\"item-post post-554 post type-post status-publish format-standard hentry category-legal-alerts\">\n    <a target=\"_blank\" href=\"https:\/\/www.hdgroup.cl\/tax\/wp-content\/uploads\/sites\/5\/2024\/12\/Alerta-legal_HD-Tax-Venta-bienes-muebles-usados.pdf\">\n        <div class=\"post-meta\">\n            <span class=\"d-block categoria text-uppercase\">\n                Legal Alerts            <\/span>\n                        <span class=\"d-block fecha\">diciembre 16th 2024<\/span>\n                    <\/div>\n        <h2>Obligaci\u00f3n de vendedores habituales de bienes muebles usados de emitir facturas de compra<\/h2>\n        <p>El Servicio de Impuestos Internos (SII) ha emitido la Resoluci\u00f3n Exenta N\u00b0 117 de 2024, estableciendo nuevas normas relacionadas con la obligaci\u00f3n de los vendedores habituales de bienes muebles usados de emitir documentos tributarios electr\u00f3nicos conforme al art\u00edculo 88 bis del C\u00f3digo Tributario. A continuaci\u00f3n, se destacan los puntos m\u00e1s relevantes:<\/p>\n        \n    <\/a>\n<\/li>                    <li class=\"item-post post-552 post type-post status-publish format-standard hentry category-alertas-legales\">\n    <a target=\"_blank\" href=\"https:\/\/www.hdgroup.cl\/tax\/wp-content\/uploads\/sites\/5\/2024\/12\/Alerta-legal_HD-Tax-Venta-bienes-muebles-usados.pdf\">\n        <div class=\"post-meta\">\n            <span class=\"d-block categoria text-uppercase\">\n                Alertas legales            <\/span>\n                        <span class=\"d-block fecha\">diciembre 16th 2024<\/span>\n                    <\/div>\n        <h2>Obligaci\u00f3n de vendedores habituales de bienes muebles usados de emitir facturas de compra<\/h2>\n        <p>El Servicio de Impuestos Internos (SII) ha emitido la Resoluci\u00f3n Exenta N\u00b0 117 de 2024, estableciendo nuevas normas relacionadas con la obligaci\u00f3n de los vendedores habituales de bienes muebles usados de emitir documentos tributarios electr\u00f3nicos conforme al art\u00edculo 88 bis del C\u00f3digo Tributario. A continuaci\u00f3n, se destacan los puntos m\u00e1s relevantes:<\/p>\n        \n    <\/a>\n<\/li>                    <li class=\"item-post post-549 post type-post status-publish format-standard hentry category-legal-alerts\">\n    <a target=\"_blank\" href=\"https:\/\/www.hdgroup.cl\/tax\/wp-content\/uploads\/sites\/5\/2024\/11\/Alerta-legal_HD-Tax-IVA-extranjeros.pdf\">\n        <div class=\"post-meta\">\n            <span class=\"d-block categoria text-uppercase\">\n                Legal Alerts            <\/span>\n                        <span class=\"d-block fecha\">noviembre 18th 2024<\/span>\n                    <\/div>\n        <h2>SII actualiza procedimientos de declaraci\u00f3n y pago de IVA para contribuyentes extranjeros<\/h2>\n        <p>El Servicio de Impuestos Internos (SII) ha emitido la Resoluci\u00f3n Exenta N\u00b0 107, de fecha 14 de noviembre de 2024, que introduce importantes cambios en el r\u00e9gimen de tributaci\u00f3n simplificada del IVA aplicable a contribuyentes sin domicilio ni residencia en Chile. La medida entrar\u00e1 en vigencia el pr\u00f3ximo 1 de diciembre de 2024 y tiene<\/p>\n        \n    <\/a>\n<\/li>                    <li class=\"item-post post-547 post type-post status-publish format-standard hentry category-alertas-legales\">\n    <a target=\"_blank\" href=\"https:\/\/www.hdgroup.cl\/tax\/wp-content\/uploads\/sites\/5\/2024\/11\/Alerta-legal_HD-Tax-IVA-extranjeros.pdf\">\n        <div class=\"post-meta\">\n            <span class=\"d-block categoria text-uppercase\">\n                Alertas legales            <\/span>\n                        <span class=\"d-block fecha\">noviembre 18th 2024<\/span>\n                    <\/div>\n        <h2>SII actualiza procedimientos de declaraci\u00f3n y pago de IVA para contribuyentes extranjeros<\/h2>\n        <p>El Servicio de Impuestos Internos (SII) ha emitido la Resoluci\u00f3n Exenta N\u00b0 107, de fecha 14 de noviembre de 2024, que introduce importantes cambios en el r\u00e9gimen de tributaci\u00f3n simplificada del IVA aplicable a contribuyentes sin domicilio ni residencia en Chile. La medida entrar\u00e1 en vigencia el pr\u00f3ximo 1 de diciembre de 2024 y tiene<\/p>\n        \n    <\/a>\n<\/li>                <\/ul>\n                    <\/div>\n        <div class=\"d-flex justify-content-center\">\n        <a id=\"load-more\" href=\"#\">Load more<\/a>\n    <\/div>\n        \n<\/div><\/div><\/div>\n","protected":false},"excerpt":{"rendered":"<p>Nuestro orgullo<\/p>\n","protected":false},"author":1,"featured_media":0,"parent":0,"menu_order":8,"comment_status":"closed","ping_status":"closed","template":"page-news.php","meta":{"_acf_changed":false,"footnotes":""},"class_list":["post-70","page","type-page","status-publish","hentry"],"acf":[],"lang":"es","translations":{"es":70,"en":36},"meta_box":{"general_bg-color":""},"pll_sync_post":[],"_links":{"self":[{"href":"https:\/\/www.hdgroup.cl\/tax\/wp-json\/wp\/v2\/pages\/70","targetHints":{"allow":["GET"]}}],"collection":[{"href":"https:\/\/www.hdgroup.cl\/tax\/wp-json\/wp\/v2\/pages"}],"about":[{"href":"https:\/\/www.hdgroup.cl\/tax\/wp-json\/wp\/v2\/types\/page"}],"author":[{"embeddable":true,"href":"https:\/\/www.hdgroup.cl\/tax\/wp-json\/wp\/v2\/users\/1"}],"replies":[{"embeddable":true,"href":"https:\/\/www.hdgroup.cl\/tax\/wp-json\/wp\/v2\/comments?post=70"}],"version-history":[{"count":0,"href":"https:\/\/www.hdgroup.cl\/tax\/wp-json\/wp\/v2\/pages\/70\/revisions"}],"wp:attachment":[{"href":"https:\/\/www.hdgroup.cl\/tax\/wp-json\/wp\/v2\/media?parent=70"}],"curies":[{"name":"wp","href":"https:\/\/api.w.org\/{rel}","templated":true}]}}