{"id":53,"date":"2023-03-18T22:58:12","date_gmt":"2023-03-18T22:58:12","guid":{"rendered":"https:\/\/www.hdgroup.cl\/compliance\/?page_id=53"},"modified":"2023-11-07T17:41:13","modified_gmt":"2023-11-07T20:41:13","slug":"areas-de-practica","status":"publish","type":"page","link":"https:\/\/www.hdgroup.cl\/tax\/areas-de-practica\/","title":{"rendered":"\u00c1reas de Pr\u00e1ctica"},"content":{"rendered":"\n<div class=\"wp-block-group alignfull\" style=\"padding-top:var(--wp--preset--spacing--50);padding-right:var(--wp--preset--spacing--50);padding-bottom:var(--wp--preset--spacing--50);padding-left:var(--wp--preset--spacing--50)\"><div class=\"wp-block-group__inner-container is-layout-constrained wp-container-core-group-is-layout-d399502e wp-block-group-is-layout-constrained\">\n<p class=\"enlace-linkedin\"><a rel=\"noreferrer noopener\" href=\"https:\/\/www.linkedin.com\/company\/honorato-delaveau\/?originalSubdomain=cl\" target=\"_blank\"><img decoding=\"async\" class=\"wp-image-433\" style=\"width: 26px;\" src=\"https:\/\/www.hdgroup.cl\/legal\/wp-content\/uploads\/sites\/2\/2023\/03\/icono-linkedin.svg\" alt=\"\"><\/a>Nuestros servicios<\/p>\n\n\n<h1 class=\"wp-block-post-title\">\u00c1reas de Pr\u00e1ctica<\/h1>\n\n\n<div class=\"wp-block-columns is-layout-flex wp-container-core-columns-is-layout-9d6595d7 wp-block-columns-is-layout-flex\">\n<div class=\"wp-block-column is-layout-flow wp-block-column-is-layout-flow\" style=\"flex-basis:66.66%\">\n<h2 class=\"wp-block-heading fw-light\">Entregamos a nuestros clientes nacionales e internacionales un servicio tributario integral, abarcamos todas aquellas materias asociadas al debido cumplimiento de las normas contables, tributarias o fiscales de Chile.<\/h2>\n\n\n\n<div style=\"height:15px\" aria-hidden=\"true\" class=\"wp-block-spacer\"><\/div>\n\n\n\n<p>Asesoramos y apoyamos a nuestros clientes con todas sus obligaciones contables y tributarias en cada etapa de la gesti\u00f3n fiscal, independientemente de su r\u00e9gimen tributario, y destac\u00e1ndose un know-how especial en asuntos tributarios que afectan a entidades reguladas y del mercado de valores chileno (fondos de inversi\u00f3n, entre otros).<\/p>\n<\/div>\n\n\n\n<div class=\"wp-block-column is-layout-flow wp-block-column-is-layout-flow\" style=\"flex-basis:33.33%\"><\/div>\n<\/div>\n<\/div><\/div>\n\n\n\n<div class=\"wp-block-cover alignfull is-light parallax foto-texto\" style=\"min-height:770px;aspect-ratio:unset;\"><span aria-hidden=\"true\" class=\"wp-block-cover__background has-background-dim-80 has-background-dim\" style=\"background-color:#a29e9d\"><\/span><img decoding=\"async\" class=\"wp-block-cover__image-background wp-image-204\" alt=\"\" src=\"https:\/\/www.hdgroup.cl\/legal\/wp-content\/uploads\/sites\/2\/2023\/03\/practice-areas-v3.png\" data-object-fit=\"cover\"\/><div class=\"wp-block-cover__inner-container is-layout-flow wp-block-cover-is-layout-flow\">\n<p class=\"has-text-align-left has-text-color\" style=\"color:#ecece8;font-size:55px\">Nuestros servicios se adaptan a las necesidades de nuestros clientes, asesorando y acompa\u00f1ando en todas sus necesidades tributarias, hasta requerimientos contables, brindando apoyo y entregando valor agregado en forma permanente a nuestros clientes.<\/p>\n<\/div><\/div>\n\n\n\n<div class=\"wp-block-group alignfull\"><div class=\"wp-block-group__inner-container is-layout-constrained wp-block-group-is-layout-constrained\">\n<div class=\"wp-block-pb-accordion-item c-accordion__item js-accordion-item no-js\" data-initially-open=\"false\" data-click-to-close=\"true\" data-auto-close=\"false\" data-scroll=\"false\" data-scroll-offset=\"0\"><h2 id=\"at-530\" class=\"c-accordion__title js-accordion-controller\" role=\"button\">Accounting &amp; Payroll Services<\/h2><div id=\"ac-530\" class=\"c-accordion__content\">\n<p>Start\u2013up contable y gestiones iniciales frente a la autoridad tributaria y municipal para la puesta en marcha de empresas y fondos reci\u00e9n establecidas en Chile.<br>Procesamiento de registros contables de acuerdo con normas contables tributarias locales o bien bajo est\u00e1ndar IFRS (en caso se requiera).<br>Preparaci\u00f3n y\/o presentaci\u00f3n de informes contables.<br>An\u00e1lisis mensual de cuentas contables que permite presentaci\u00f3n oportuna de informes de gesti\u00f3n de la empresa.<br>Back-Office \/ International Desk (Business Process Outsourcing \/ BPO). <\/p>\n\n\n\n<p>Esta materia considera:<br>Representaci\u00f3n legal y bancaria.<br>Administraci\u00f3n y facturaci\u00f3n.<br>Tesorer\u00eda.<br>Remuneraciones y cumplimiento normativo asociado a tales materias (Payroll).<\/p>\n<\/div><\/div>\n\n\n\n<div class=\"wp-block-pb-accordion-item c-accordion__item js-accordion-item no-js\" data-initially-open=\"false\" data-click-to-close=\"true\" data-auto-close=\"false\" data-scroll=\"false\" data-scroll-offset=\"0\"><h2 id=\"at-531\" class=\"c-accordion__title js-accordion-controller\" role=\"button\">Tax Compliance<\/h2><div id=\"ac-531\" class=\"c-accordion__content\">\n<p>Elaboramos y presentamos formularios mensuales (retenciones) y determinaci\u00f3n del resultado tributario para el mes y a\u00f1o comercial respectivo (SII).<br>Revisi\u00f3n y mantenci\u00f3n del Registro de Rentas Empresariales que las entidades chilenas deben llevar, determinaci\u00f3n del capital propio tributario, determinaci\u00f3n de tasa de pagos provisionales mensuales (pagos mensuales anticipados al impuesto anual a la renta), determinaci\u00f3n de renta l\u00edquida imponible y la presentaci\u00f3n de las declaraciones anuales asociadas al impuesto a la renta (DDJJs \/ F-22).<br><br>Obtenci\u00f3n y actualizaci\u00f3n de patentes comerciales (municipalidad), incluida la determinaci\u00f3n de base imponible conforme deducci\u00f3n de inversiones que ya se encuentran afectas al pago de patente comercial.<\/p>\n<\/div><\/div>\n\n\n\n<div class=\"wp-block-pb-accordion-item c-accordion__item js-accordion-item no-js\" data-initially-open=\"false\" data-click-to-close=\"true\" data-auto-close=\"false\" data-scroll=\"false\" data-scroll-offset=\"0\"><h2 id=\"at-532\" class=\"c-accordion__title js-accordion-controller\" role=\"button\">Tax &amp; Accounting Advisory<\/h2><div id=\"ac-532\" class=\"c-accordion__content\">\n<p>Servicio de asesor\u00eda y consultor\u00eda permanente, provista en forma oportuna para la toma de decisiones. Nuestros servicios est\u00e1n orientados a brindar apoyo a nuestros clientes con respecto a la normativa tributaria local y a su debido cumplimiento, proveyendo soluciones para la toma de decisiones, proporcionando respuestas a consultas y consejos o recomendaciones por los medios que sean requeridos.<br><br>Nuestros servicios contemplan tambi\u00e9n el apoyo procesos de Due Diligence, reclamaciones y procedimientos tributarios frente a las autoridades y tribunales, precios de transferencia (con apoyo de equipos de valorizaci\u00f3n externos), informes tributarios para operaciones complejas (fusi\u00f3n\/divisi\u00f3n), y planificaciones y estructuraciones corporativas, comerciales y tributarias.<\/p>\n<\/div><\/div>\n<\/div><\/div>\n","protected":false},"excerpt":{"rendered":"<p>Nuestros servicios Entregamos a nuestros clientes nacionales e internacionales un servicio tributario integral, abarcamos todas aquellas materias asociadas al debido cumplimiento de las normas contables, tributarias o fiscales de Chile. Asesoramos y apoyamos a nuestros clientes con todas sus obligaciones contables y tributarias en cada etapa de la gesti\u00f3n fiscal, independientemente de su r\u00e9gimen tributario,<\/p>\n","protected":false},"author":1,"featured_media":0,"parent":0,"menu_order":2,"comment_status":"closed","ping_status":"closed","template":"","meta":{"_acf_changed":false,"footnotes":""},"class_list":["post-53","page","type-page","status-publish","hentry"],"acf":[],"lang":"es","translations":{"es":53,"en":10},"meta_box":{"general_bg-color":""},"pll_sync_post":[],"_links":{"self":[{"href":"https:\/\/www.hdgroup.cl\/tax\/wp-json\/wp\/v2\/pages\/53","targetHints":{"allow":["GET"]}}],"collection":[{"href":"https:\/\/www.hdgroup.cl\/tax\/wp-json\/wp\/v2\/pages"}],"about":[{"href":"https:\/\/www.hdgroup.cl\/tax\/wp-json\/wp\/v2\/types\/page"}],"author":[{"embeddable":true,"href":"https:\/\/www.hdgroup.cl\/tax\/wp-json\/wp\/v2\/users\/1"}],"replies":[{"embeddable":true,"href":"https:\/\/www.hdgroup.cl\/tax\/wp-json\/wp\/v2\/comments?post=53"}],"version-history":[{"count":0,"href":"https:\/\/www.hdgroup.cl\/tax\/wp-json\/wp\/v2\/pages\/53\/revisions"}],"wp:attachment":[{"href":"https:\/\/www.hdgroup.cl\/tax\/wp-json\/wp\/v2\/media?parent=53"}],"curies":[{"name":"wp","href":"https:\/\/api.w.org\/{rel}","templated":true}]}}