{"id":51,"date":"2023-03-18T22:51:34","date_gmt":"2023-03-18T22:51:34","guid":{"rendered":"https:\/\/www.hdgroup.cl\/compliance\/?page_id=51"},"modified":"2025-01-22T17:28:59","modified_gmt":"2025-01-22T20:28:59","slug":"nosotros","status":"publish","type":"page","link":"https:\/\/www.hdgroup.cl\/tax\/","title":{"rendered":"Nosotros"},"content":{"rendered":"\r\n<div class=\"wp-block-group alignfull\" style=\"padding: var(--wp--preset--spacing--50)\"><div class=\"wp-block-group__inner-container is-layout-constrained wp-container-core-group-is-layout-d399502e wp-block-group-is-layout-constrained\">\r\n<p class=\"enlace-linkedin\"><a href=\"https:\/\/www.linkedin.com\/company\/honorato-delaveau\/?originalSubdomain=cl\" target=\"_blank\" rel=\"noreferrer noopener\"><img decoding=\"async\" class=\"wp-image-433\" style=\"width: 26px\" src=\"https:\/\/www.hdgroup.cl\/legal\/wp-content\/uploads\/sites\/2\/2023\/03\/icono-linkedin.svg\" alt=\"\" \/><\/a>HD Tax<\/p>\r\n\r\n\r\n<h1 class=\"wp-block-post-title\">Nosotros<\/h1>\r\n\r\n\r\n<div class=\"wp-block-columns is-layout-flex wp-container-core-columns-is-layout-9d6595d7 wp-block-columns-is-layout-flex\">\r\n<div class=\"wp-block-column is-layout-flow wp-block-column-is-layout-flow\" style=\"flex-basis: 66.66%\">\r\n<h2 class=\"wp-block-heading fw-light\">Somos un equipo de abogados, contadores y profesionales expertos en asuntos legales, contables y tributarios.<\/h2>\r\n<\/div>\r\n\r\n\r\n\r\n<div class=\"wp-block-column is-layout-flow wp-block-column-is-layout-flow\" style=\"flex-basis: 33.33%\">\u00a0<\/div>\r\n<\/div>\r\n<\/div><\/div>\r\n\r\n\r\n\r\n<div class=\"wp-block-cover alignfull\" style=\"min-height: 420px;aspect-ratio:unset;\"><img decoding=\"async\" class=\"wp-block-cover__image-background wp-image-26\" src=\"https:\/\/www.hdgroup.cl\/legal\/wp-content\/uploads\/sites\/2\/2023\/03\/about-01_hd-legal.png\" alt=\"\" data-object-fit=\"cover\" \/>\r\n<div class=\"wp-block-cover__inner-container is-layout-flow wp-block-cover-is-layout-flow\">\r\n<p class=\"has-text-align-center has-large-font-size\">\u00a0<\/p>\r\n<\/div>\r\n<\/div>\r\n\r\n\r\n\r\n<div class=\"wp-block-group alignfull\" style=\"padding: var(--wp--preset--spacing--50)\"><div class=\"wp-block-group__inner-container is-layout-constrained wp-container-core-group-is-layout-c65b5469 wp-block-group-is-layout-constrained\">\r\n<div class=\"wp-block-columns is-layout-flex wp-container-core-columns-is-layout-9d6595d7 wp-block-columns-is-layout-flex\">\r\n<div class=\"wp-block-column is-layout-flow wp-block-column-is-layout-flow\">\r\n<h4 class=\"wp-block-heading\">Nuestra filosof\u00eda<\/h4>\r\n\r\n\r\n\r\n<p>Buscamos mantener a nuestros clientes actualizados y en permanente cumplimiento de las normas tributarias, brindando un trabajo de calidad, adapt\u00e1ndonos en todo momento a la normativa que para cada caso se encuentre vigente.<\/p>\r\n<\/div>\r\n\r\n\r\n\r\n<div class=\"wp-block-column is-layout-flow wp-block-column-is-layout-flow\">\r\n<h4 class=\"wp-block-heading\">Historia<\/h4>\r\n\r\n\r\n\r\n<p>En 2023 nace HD Tax como parte del Grupo HD, bajo el liderazgo de Juan Andr\u00e9s Larrondo y Andr\u00e9s Aracena, profesionales con una larga y destacada trayectoria en materias tributarias de variada \u00edndole.<\/p>\r\n<\/div>\r\n\r\n\r\n\r\n<div class=\"wp-block-column is-layout-flow wp-block-column-is-layout-flow\">\r\n<h4 class=\"wp-block-heading\">Reconocimientos<\/h4>\r\n\r\n\r\n\r\n<p><a href=\"https:\/\/chambers.com\/law-firm\/hd-legal-latin-america-9:22809457\" target=\"_blank\" rel=\"noreferrer noopener nofollow\">CHAMBERS \/ LATIN AMERICA<\/a><\/p>\r\n\r\n\r\n\r\n<p><a href=\"https:\/\/www.leadersleague.com\/en\/firm\/honorato-delaveau\" target=\"_blank\" rel=\"noreferrer noopener nofollow\">LEADERS LEAGUE<\/a><\/p>\r\n<\/div>\r\n<\/div>\r\n<\/div><\/div>\r\n\r\n\r\n\r\n<div class=\"wp-block-group alignfull\" style=\"padding: var(--wp--preset--spacing--50)\"><div class=\"wp-block-group__inner-container is-layout-constrained wp-container-core-group-is-layout-c65b5469 wp-block-group-is-layout-constrained\">\r\n<div class=\"wp-block-media-text alignwide is-stacked-on-mobile\" style=\"grid-template-columns: 48% auto\">\r\n<figure class=\"wp-block-media-text__media\"><img decoding=\"async\" class=\"wp-image-27 size-full\" src=\"https:\/\/www.hdgroup.cl\/legal\/wp-content\/uploads\/sites\/2\/2023\/03\/about-02_hd-legal.png\" alt=\"\" \/><\/figure>\r\n<div class=\"wp-block-media-text__content\">\r\n<h2 class=\"wp-block-heading\">Compromiso<\/h2>\r\n\r\n\r\n\r\n<p style=\"font-size: 24px\">Buscamos mantener a nuestros clientes actualizados y en permanente cumplimiento de las normas tributarias, brindando un trabajo de calidad, adapt\u00e1ndonos en todo momento a la normativa que para cada caso se encuentre vigente.<\/p>\r\n<\/div>\r\n<\/div>\r\n<\/div><\/div>\r\n\r\n\r\n\r\n<div class=\"wp-block-group alignfull bloque-info-grid border-top border-bottom\" style=\"padding: var(--wp--preset--spacing--50)\"><div class=\"wp-block-group__inner-container is-layout-constrained wp-container-core-group-is-layout-c65b5469 wp-block-group-is-layout-constrained\">\r\n<div class=\"wp-block-columns is-layout-flex wp-container-core-columns-is-layout-9d6595d7 wp-block-columns-is-layout-flex\">\r\n<div class=\"wp-block-column is-vertically-aligned-center has-background is-layout-flow wp-block-column-is-layout-flow\" style=\"background-color: #d7d8d8\">\r\n<h2 class=\"wp-block-heading\" style=\"font-size: 60px\">+20<\/h2>\r\n\r\n\r\n\r\n<p class=\"has-medium-font-size\">Pa\u00edses con cobertura a trav\u00e9s de nuestros socios RLI.<\/p>\r\n\r\n\r\n\r\n<p style=\"text-transform: uppercase\"><a href=\"https:\/\/www.rlilaw.com\/\" target=\"_blank\" rel=\"noreferrer noopener nofollow\">VER M\u00c1S<\/a><\/p>\r\n<\/div>\r\n\r\n\r\n\r\n<div class=\"wp-block-column is-vertically-aligned-center has-background is-layout-flow wp-block-column-is-layout-flow\" style=\"background-color: #ecece8\"><div class=\"wp-block-image\">\r\n<figure class=\"aligncenter size-large is-resized\"><img decoding=\"async\" class=\"wp-image-53\" style=\"width: 48px;height: 48px\" src=\"https:\/\/www.hdgroup.cl\/legal\/wp-content\/uploads\/sites\/2\/2023\/03\/smile.svg\" alt=\"\" \/><\/figure>\r\n<\/div>\r\n\r\n\r\n<h2 class=\"wp-block-heading has-text-align-center has-large-font-size\">Construimos soluciones innovadoras<\/h2>\r\n<\/div>\r\n\r\n\r\n\r\n<div class=\"wp-block-column is-vertically-aligned-center has-background is-layout-flow wp-block-column-is-layout-flow\" style=\"background-color: #a0bdc3\">\r\n<h2 class=\"wp-block-heading\" style=\"font-size: 60px\">+3<\/h2>\r\n\r\n\r\n\r\n<p class=\"has-medium-font-size\">Nuestros servicios se adaptan a las necesidades de los clientes.<\/p>\r\n\r\n\r\n\r\n<p style=\"text-transform: uppercase\"><a href=\"https:\/\/www.hdgroup.cl\/tax\/es\/areas-de-practica\/\" data-type=\"page\" data-id=\"53\">conoce m\u00e1s<\/a><\/p>\r\n<\/div>\r\n\r\n\r\n\r\n<div class=\"wp-block-column is-vertically-aligned-center has-background is-layout-flow wp-block-column-is-layout-flow\" style=\"background-color: #a29e9d\"><div class=\"wp-block-image\">\r\n<figure class=\"aligncenter size-large is-resized\"><img decoding=\"async\" class=\"wp-image-53\" style=\"width: 48px;height: 48px\" src=\"https:\/\/www.hdgroup.cl\/legal\/wp-content\/uploads\/sites\/2\/2023\/03\/smile.svg\" alt=\"\" \/><\/figure>\r\n<\/div>\r\n\r\n\r\n<h2 class=\"wp-block-heading has-text-align-center has-large-font-size\">Con el mejor talento<\/h2>\r\n<\/div>\r\n<\/div>\r\n<\/div><\/div>\r\n\r\n\r\n\n<div class=\"wp-block-group alignfull border-bottom multiply\" style=\"padding-top:var(--wp--preset--spacing--50);padding-right:var(--wp--preset--spacing--50);padding-bottom:var(--wp--preset--spacing--50);padding-left:var(--wp--preset--spacing--50)\"><div class=\"wp-block-group__inner-container is-layout-constrained wp-container-core-group-is-layout-c65b5469 wp-block-group-is-layout-constrained\">\n<div class=\"wp-block-columns w-75 mx-auto is-layout-flex wp-container-core-columns-is-layout-9d6595d7 wp-block-columns-is-layout-flex\">\n<div class=\"wp-block-column is-vertically-aligned-center is-layout-flow wp-block-column-is-layout-flow\"><div class=\"wp-block-image\">\n<figure class=\"aligncenter size-large\"><a href=\"https:\/\/chambers.com\/law-firm\/hd-legal-latin-america-9:22809457\" target=\"_blank\" rel=\"noreferrer noopener\"><img loading=\"lazy\" decoding=\"async\" width=\"138\" height=\"70\" src=\"https:\/\/www.hdgroup.cl\/tax\/wp-content\/uploads\/sites\/5\/2023\/10\/logo-chambers_hd-legal.svg\" alt=\"\" class=\"wp-image-335\"\/><\/a><\/figure>\n<\/div><\/div>\n\n\n\n<div class=\"wp-block-column is-vertically-aligned-center is-layout-flow wp-block-column-is-layout-flow\"><div class=\"wp-block-image\">\n<figure class=\"aligncenter size-full is-resized\"><a href=\"https:\/\/www.leadersleague.com\/es\/rankings\/derecho-fiscal-fiscalidad-de-la-empresa-clasificacion-2024-estudio-de-abogados-chile\" target=\"_blank\" rel=\"noreferrer noopener\"><img loading=\"lazy\" decoding=\"async\" width=\"388\" height=\"390\" src=\"https:\/\/www.hdgroup.cl\/tax\/wp-content\/uploads\/sites\/5\/2023\/11\/Leaders-League-2024.webp\" alt=\"\" class=\"wp-image-411\" style=\"aspect-ratio:0.9948717948717949;width:92px;height:auto\" srcset=\"https:\/\/www.hdgroup.cl\/tax\/wp-content\/uploads\/sites\/5\/2023\/11\/Leaders-League-2024.webp 388w, https:\/\/www.hdgroup.cl\/tax\/wp-content\/uploads\/sites\/5\/2023\/11\/Leaders-League-2024-298x300.webp 298w, https:\/\/www.hdgroup.cl\/tax\/wp-content\/uploads\/sites\/5\/2023\/11\/Leaders-League-2024-150x150.webp 150w\" sizes=\"auto, (max-width: 388px) 100vw, 388px\" \/><\/a><\/figure>\n<\/div><\/div>\n<\/div>\n<\/div><\/div>\n","protected":false},"excerpt":{"rendered":"<p>HD Tax Somos un equipo de abogados, contadores y profesionales expertos en asuntos legales, contables y tributarios. \u00a0 Nuestra filosof\u00eda Buscamos mantener a nuestros clientes actualizados y en permanente cumplimiento de las normas tributarias, brindando un trabajo de calidad, adapt\u00e1ndonos en todo momento a la normativa que para cada caso se encuentre vigente. Historia En<\/p>\n","protected":false},"author":1,"featured_media":0,"parent":0,"menu_order":1,"comment_status":"closed","ping_status":"closed","template":"","meta":{"_acf_changed":false,"footnotes":""},"class_list":["post-51","page","type-page","status-publish","hentry"],"acf":[],"lang":"es","translations":{"es":51,"en":364},"meta_box":{"general_bg-color":"#a0bdc3"},"pll_sync_post":[],"_links":{"self":[{"href":"https:\/\/www.hdgroup.cl\/tax\/wp-json\/wp\/v2\/pages\/51","targetHints":{"allow":["GET"]}}],"collection":[{"href":"https:\/\/www.hdgroup.cl\/tax\/wp-json\/wp\/v2\/pages"}],"about":[{"href":"https:\/\/www.hdgroup.cl\/tax\/wp-json\/wp\/v2\/types\/page"}],"author":[{"embeddable":true,"href":"https:\/\/www.hdgroup.cl\/tax\/wp-json\/wp\/v2\/users\/1"}],"replies":[{"embeddable":true,"href":"https:\/\/www.hdgroup.cl\/tax\/wp-json\/wp\/v2\/comments?post=51"}],"version-history":[{"count":0,"href":"https:\/\/www.hdgroup.cl\/tax\/wp-json\/wp\/v2\/pages\/51\/revisions"}],"wp:attachment":[{"href":"https:\/\/www.hdgroup.cl\/tax\/wp-json\/wp\/v2\/media?parent=51"}],"curies":[{"name":"wp","href":"https:\/\/api.w.org\/{rel}","templated":true}]}}