{"id":65,"date":"2023-03-19T00:39:43","date_gmt":"2023-03-19T00:39:43","guid":{"rendered":"https:\/\/www.hdgroup.cl\/systems\/?page_id=65"},"modified":"2023-03-29T19:26:42","modified_gmt":"2023-03-29T19:26:42","slug":"noticias","status":"publish","type":"page","link":"https:\/\/www.hdgroup.cl\/systems\/noticias\/","title":{"rendered":"Noticias"},"content":{"rendered":"\n<div class=\"wp-block-group alignfull\" style=\"padding-top:var(--wp--preset--spacing--50);padding-right:var(--wp--preset--spacing--50);padding-bottom:var(--wp--preset--spacing--50);padding-left:var(--wp--preset--spacing--50)\"><div class=\"wp-block-group__inner-container is-layout-constrained wp-container-core-group-is-layout-d399502e wp-block-group-is-layout-constrained\">\n<p class=\"enlace-linkedin\"><a rel=\"noreferrer noopener\" href=\"https:\/\/www.linkedin.com\/company\/honorato-delaveau\/?originalSubdomain=cl\" target=\"_blank\"><img decoding=\"async\" class=\"wp-image-433\" style=\"width: 26px;\" src=\"https:\/\/www.hdgroup.cl\/legal\/wp-content\/uploads\/sites\/2\/2023\/03\/icono-linkedin.svg\" alt=\"\"><\/a>Nuestro orgullo<\/p>\n\n\n<h1 class=\"wp-block-post-title\">Noticias<\/h1>\n\n\n<div class=\"wp-block-columns is-layout-flex wp-container-core-columns-is-layout-9d6595d7 wp-block-columns-is-layout-flex\">\n<div class=\"wp-block-column is-layout-flow wp-block-column-is-layout-flow\" style=\"flex-basis:66.66%\"><\/div>\n\n\n\n<div class=\"wp-block-column is-layout-flow wp-block-column-is-layout-flow\" style=\"flex-basis:33.33%\"><\/div>\n<\/div>\n\n\n\n\n<div class=\"grilla-posts-wrapper\">\n    <div id=\"grilla-posts-mb-block-d767293b-1547-46da-be4d-75d0a48d3e02\" class=\"grilla-posts  text-white\">\n            <ul id=\"grilla-posts\" class=\"list-unstyled pl-0\">\n                    <li class=\"item-post post-235 post type-post status-publish format-standard hentry category-going-on\">\n    <a  href=\"https:\/\/www.hdgroup.cl\/systems\/en\/2024\/03\/20\/hd-systems-certifico-a-entel-para-obtener-la-primera-aprobacion-de-un-plan-preventivo-de-cumplimiento-de-proteccion-al-consumidor-en-chile\/\">\n        <div class=\"post-meta\">\n            <span class=\"d-block categoria text-uppercase\">\n                Going on!            <\/span>\n                        <span class=\"d-block fecha\">marzo 20th 2024<\/span>\n                    <\/div>\n        <h2>HD Systems certific\u00f3 a ENTEL para obtener la primera aprobaci\u00f3n de un Plan Preventivo de Cumplimiento de Protecci\u00f3n al Consumidor en Chile<\/h2>\n        <p>La Empresa Nacional de Telecomunicaciones S.A. y sus filiales (ENTEL) se convierte en la primera empresa de Chile en obtener la aprobaci\u00f3n de un Plan Preventivo de Cumplimiento de Protecci\u00f3n al Consumidor entregado por el Servicio Nacional del Consumidor (SERNAC). Con el objetivo de mantener su compromiso con la protecci\u00f3n y el respeto de los<\/p>\n        \n    <\/a>\n<\/li>                    <li class=\"item-post post-234 post type-post status-publish format-standard hentry category-going-on\">\n    <a  href=\"https:\/\/www.hdgroup.cl\/systems\/2024\/03\/20\/hd-systems-certifico-a-entel-para-obtener-la-primera-aprobacion-de-un-plan-preventivo-de-cumplimiento-de-proteccion-al-consumidor-en-chile\/\">\n        <div class=\"post-meta\">\n            <span class=\"d-block categoria text-uppercase\">\n                Going on!            <\/span>\n                        <span class=\"d-block fecha\">marzo 20th 2024<\/span>\n                    <\/div>\n        <h2>HD Systems certific\u00f3 a ENTEL para obtener la primera aprobaci\u00f3n de un Plan Preventivo de Cumplimiento de Protecci\u00f3n al Consumidor en Chile<\/h2>\n        <p>La Empresa Nacional de Telecomunicaciones S.A. y sus filiales (ENTEL) se convierte en la primera empresa de Chile en obtener la aprobaci\u00f3n de un Plan Preventivo de Cumplimiento de Protecci\u00f3n al Consumidor entregado por el Servicio Nacional del Consumidor (SERNAC). Con el objetivo de mantener su compromiso con la protecci\u00f3n y el respeto de los<\/p>\n        \n    <\/a>\n<\/li>                    <li class=\"item-post post-210 post type-post status-publish format-standard hentry category-going-on\">\n    <a  href=\"https:\/\/www.hdgroup.cl\/systems\/2023\/12\/11\/payretailers-recibe-certificacion-por-su-modelo-de-prevencion-de-delitos\/\">\n        <div class=\"post-meta\">\n            <span class=\"d-block categoria text-uppercase\">\n                Going on!            <\/span>\n                        <span class=\"d-block fecha\">diciembre 11th 2023<\/span>\n                    <\/div>\n        <h2>PayRetailers\u00a0recibe certificaci\u00f3n por su Modelo de Prevenci\u00f3n de Delitos.<\/h2>\n        <p>HD Systems entrega certificaci\u00f3n que se\u00f1ala cumplimiento de los requisitos establecidos de la Ley N\u00b0 20.393 que regula la responsabilidad penal de las personas jur\u00eddicas.<\/p>\n        \n    <\/a>\n<\/li>                    <li class=\"item-post post-212 post type-post status-publish format-standard hentry category-going-on\">\n    <a  href=\"https:\/\/www.hdgroup.cl\/systems\/en\/2023\/12\/11\/payretailers-recibe-certificacion-por-su-modelo-de-prevencion-de-delitos\/\">\n        <div class=\"post-meta\">\n            <span class=\"d-block categoria text-uppercase\">\n                Going on!            <\/span>\n                        <span class=\"d-block fecha\">diciembre 11th 2023<\/span>\n                    <\/div>\n        <h2>PayRetailers\u00a0recibe certificaci\u00f3n por su Modelo de Prevenci\u00f3n de Delitos.<\/h2>\n        <p>HD Systems entrega certificaci\u00f3n que se\u00f1ala cumplimiento de los requisitos establecidos de la Ley N\u00b0 20.393 que regula la responsabilidad penal de las personas jur\u00eddicas.<\/p>\n        \n    <\/a>\n<\/li>                    <li class=\"item-post post-214 post type-post status-publish format-standard hentry category-going-on\">\n    <a  href=\"https:\/\/www.hdgroup.cl\/systems\/2023\/11\/24\/minera-hmc-y-haldeman-mining-company-reciben-certificacion-excellence-de-hd-systems-por-su-modelo-de-prevencion-de-delitos\/\">\n        <div class=\"post-meta\">\n            <span class=\"d-block categoria text-uppercase\">\n                Going on!            <\/span>\n                        <span class=\"d-block fecha\">noviembre 24th 2023<\/span>\n                    <\/div>\n        <h2>Minera HMC y Haldeman Mining Company reciben certificaci\u00f3n \u201cExcellence\u201d de HD Systems por su modelo de prevenci\u00f3n de delitos<\/h2>\n        <p>HD Systems realiz\u00f3 una satisfactoria auditor\u00eda a Minera HMC y Haldeman Mining Company, certificando que su Modelo de Prevenci\u00f3n de Delitos cumple con los requisitos establecidos de la Ley N\u00b0 20.393 que regula la responsabilidad penal de las personas jur\u00eddicas. Puedes leer m\u00e1s sobre esta noticia en Estado Diario<\/p>\n        \n    <\/a>\n<\/li>                    <li class=\"item-post post-215 post type-post status-publish format-standard hentry category-going-on\">\n    <a  href=\"https:\/\/www.hdgroup.cl\/systems\/en\/2023\/11\/24\/minera-hmc-y-haldeman-mining-company-reciben-certificacion-excellence-de-hd-systems-por-su-modelo-de-prevencion-de-delitos\/\">\n        <div class=\"post-meta\">\n            <span class=\"d-block categoria text-uppercase\">\n                Going on!            <\/span>\n                        <span class=\"d-block fecha\">noviembre 24th 2023<\/span>\n                    <\/div>\n        <h2>Minera HMC y Haldeman Mining Company reciben certificaci\u00f3n \u201cExcellence\u201d de HD Systems por su modelo de prevenci\u00f3n de delitos<\/h2>\n        <p>HD Systems realiz\u00f3 una satisfactoria auditor\u00eda a Minera HMC y Haldeman Mining Company, certificando que su Modelo de Prevenci\u00f3n de Delitos cumple con los requisitos establecidos de la Ley N\u00b0 20.393 que regula la responsabilidad penal de las personas jur\u00eddicas. Puedes leer m\u00e1s sobre esta noticia en Estado Diario<\/p>\n        \n    <\/a>\n<\/li>                <\/ul>\n                    <\/div>\n        <div class=\"d-flex justify-content-center\">\n        <a id=\"load-more\" href=\"#\">Load more<\/a>\n    <\/div>\n        \n<\/div><\/div><\/div>\n","protected":false},"excerpt":{"rendered":"<p>Nuestro orgullo<\/p>\n","protected":false},"author":1,"featured_media":0,"parent":0,"menu_order":7,"comment_status":"closed","ping_status":"closed","template":"page-news.php","meta":{"_acf_changed":false,"footnotes":""},"class_list":["post-65","page","type-page","status-publish","hentry"],"acf":[],"lang":"es","translations":{"es":65,"en":29},"meta_box":{"general_bg-color":""},"pll_sync_post":[],"_links":{"self":[{"href":"https:\/\/www.hdgroup.cl\/systems\/wp-json\/wp\/v2\/pages\/65","targetHints":{"allow":["GET"]}}],"collection":[{"href":"https:\/\/www.hdgroup.cl\/systems\/wp-json\/wp\/v2\/pages"}],"about":[{"href":"https:\/\/www.hdgroup.cl\/systems\/wp-json\/wp\/v2\/types\/page"}],"author":[{"embeddable":true,"href":"https:\/\/www.hdgroup.cl\/systems\/wp-json\/wp\/v2\/users\/1"}],"replies":[{"embeddable":true,"href":"https:\/\/www.hdgroup.cl\/systems\/wp-json\/wp\/v2\/comments?post=65"}],"version-history":[{"count":0,"href":"https:\/\/www.hdgroup.cl\/systems\/wp-json\/wp\/v2\/pages\/65\/revisions"}],"wp:attachment":[{"href":"https:\/\/www.hdgroup.cl\/systems\/wp-json\/wp\/v2\/media?parent=65"}],"curies":[{"name":"wp","href":"https:\/\/api.w.org\/{rel}","templated":true}]}}