{"id":61,"date":"2023-03-19T00:39:19","date_gmt":"2023-03-19T00:39:19","guid":{"rendered":"https:\/\/www.hdgroup.cl\/systems\/?page_id=61"},"modified":"2023-08-24T19:07:13","modified_gmt":"2023-08-24T19:07:13","slug":"servicios","status":"publish","type":"page","link":"https:\/\/www.hdgroup.cl\/systems\/servicios\/","title":{"rendered":"Servicios"},"content":{"rendered":"\n<div class=\"wp-block-group alignfull\" style=\"padding-top:var(--wp--preset--spacing--50);padding-right:var(--wp--preset--spacing--50);padding-bottom:var(--wp--preset--spacing--50);padding-left:var(--wp--preset--spacing--50)\"><div class=\"wp-block-group__inner-container is-layout-constrained wp-container-core-group-is-layout-d399502e wp-block-group-is-layout-constrained\">\n<p class=\"enlace-linkedin\"><a rel=\"noreferrer noopener\" href=\"https:\/\/www.linkedin.com\/company\/honorato-delaveau\/?originalSubdomain=cl\" target=\"_blank\"><img decoding=\"async\" class=\"wp-image-433\" style=\"width: 26px;\" src=\"https:\/\/www.hdgroup.cl\/legal\/wp-content\/uploads\/sites\/2\/2023\/03\/icono-linkedin.svg\" alt=\"\"><\/a>Qu\u00e9 hacemos por nuestros clientes<\/p>\n\n\n<h1 class=\"wp-block-post-title\">Servicios<\/h1>\n\n\n<div class=\"wp-block-columns is-layout-flex wp-container-core-columns-is-layout-9d6595d7 wp-block-columns-is-layout-flex\">\n<div class=\"wp-block-column is-layout-flow wp-block-column-is-layout-flow\" style=\"flex-basis:66.66%\">\n<h2 class=\"wp-block-heading fw-light\">Nos involucramos en cada proyecto que asesoramos aportando nuestra experiencia pr\u00e1ctica y concreta.<\/h2>\n\n\n\n<div style=\"height:15px\" aria-hidden=\"true\" class=\"wp-block-spacer\"><\/div>\n\n\n\n<p>A trav\u00e9s del m\u00e9todo HD Systems proveemos de evidencia \u00fatil y rigurosa respecto al cumplimiento de Modelos de Prevenci\u00f3n y Planes de Cumplimiento.<\/p>\n<\/div>\n\n\n\n<div class=\"wp-block-column is-layout-flow wp-block-column-is-layout-flow\" style=\"flex-basis:33.33%\"><\/div>\n<\/div>\n<\/div><\/div>\n\n\n\n<div class=\"wp-block-cover alignfull is-light has-custom-content-position is-position-top-left parallax\" style=\"min-height:770px;aspect-ratio:unset;\"><span aria-hidden=\"true\" class=\"wp-block-cover__background has-background-dim-80 has-background-dim\" style=\"background-color:#a29e9d\"><\/span><img decoding=\"async\" class=\"wp-block-cover__image-background wp-image-204\" alt=\"\" src=\"https:\/\/www.hdgroup.cl\/legal\/wp-content\/uploads\/sites\/2\/2023\/03\/practice-areas-v3.png\" data-object-fit=\"cover\"\/><div class=\"wp-block-cover__inner-container is-layout-flow wp-block-cover-is-layout-flow\">\n<p class=\"has-text-align-left has-text-color\" style=\"color:#ecece8;font-size:60px\">Queremos marcar una diferencia y que nuestra certificaci\u00f3n obedezca al efectivo testeo de una matriz de riesgos.<\/p>\n\n\n\n<p class=\"has-text-color\" style=\"color:#ecece8;font-size:24px\">El M\u00e9todo HD Systems contempla las siguientes etapas: Kick off, definici\u00f3n de objetivos, revisi\u00f3n de antecedentes, conocimiento del cliente, diagn\u00f3stico, seguimiento de brechas, auditor\u00edas imprevistas y monitoreo permanente.<\/p>\n<\/div><\/div>\n\n\n\n<div class=\"wp-block-group alignfull\"><div class=\"wp-block-group__inner-container is-layout-constrained wp-block-group-is-layout-constrained\">\n<div class=\"wp-block-pb-accordion-item c-accordion__item js-accordion-item no-js\" data-initially-open=\"false\" data-click-to-close=\"true\" data-auto-close=\"false\" data-scroll=\"false\" data-scroll-offset=\"0\"><h2 id=\"at-610\" class=\"c-accordion__title js-accordion-controller\" role=\"button\">Certificaci\u00f3n de Modelos de Prevenci\u00f3n, conforme a la Ley 20.393, sobre Responsabilidad Penal de las Personas Jur\u00eddicas<\/h2><div id=\"ac-610\" class=\"c-accordion__content\">\n<p>En el caso de la Ley 20.393 de Responsabilidad Penal de las Personas Jur\u00eddicas, utilizamos los est\u00e1ndares de nuestros tribunales, del Ministerio P\u00fablico y legislaci\u00f3n extranjera espec\u00edfica en algunas materias.<\/p>\n<\/div><\/div>\n\n\n\n<div class=\"wp-block-pb-accordion-item c-accordion__item js-accordion-item no-js\" data-initially-open=\"false\" data-click-to-close=\"true\" data-auto-close=\"false\" data-scroll=\"false\" data-scroll-offset=\"0\"><h2 id=\"at-611\" class=\"c-accordion__title js-accordion-controller\" role=\"button\">Proceso de certificaci\u00f3n ante el SERNAC de los Planes de Cumplimiento en Protecci\u00f3n a los Derechos del Consumidor, de acuerdo a la Ley. 19.496 sobre derechos del Consumidor.<\/h2><div id=\"ac-611\" class=\"c-accordion__content\">\n<p>Sobre la Ley 19.496, sobre Consumidores y Planes de Cumplimiento, utilizamos los est\u00e1ndares de nuestros tribunales de justicia, y las directrices del Servicio Nacional de Consumidor.<\/p>\n<\/div><\/div>\n\n\n\n<div class=\"wp-block-pb-accordion-item c-accordion__item js-accordion-item no-js\" data-initially-open=\"false\" data-click-to-close=\"true\" data-auto-close=\"false\" data-scroll=\"false\" data-scroll-offset=\"0\"><h2 id=\"at-612\" class=\"c-accordion__title js-accordion-controller\" role=\"button\">Seguimiento post certificaci\u00f3n<\/h2><div id=\"ac-612\" class=\"c-accordion__content\">\n<p>Una vez concluido el proceso de certificaci\u00f3n del Modelo de Prevenci\u00f3n y\/o Plan de Cumplimiento, ofrecemos un servicio de seguimiento continuo a la certificaci\u00f3n, lo que se traduce en testeos aleatorios y evaluaciones semestrales hasta la siguiente certificaci\u00f3n.<\/p>\n<\/div><\/div>\n<\/div><\/div>\n","protected":false},"excerpt":{"rendered":"<p>Qu\u00e9 hacemos por nuestros clientes Nos involucramos en cada proyecto que asesoramos aportando nuestra experiencia pr\u00e1ctica y concreta. A trav\u00e9s del m\u00e9todo HD Systems proveemos de evidencia \u00fatil y rigurosa respecto al cumplimiento de Modelos de Prevenci\u00f3n y Planes de Cumplimiento.<\/p>\n","protected":false},"author":1,"featured_media":0,"parent":0,"menu_order":3,"comment_status":"closed","ping_status":"closed","template":"","meta":{"_acf_changed":false,"footnotes":""},"class_list":["post-61","page","type-page","status-publish","hentry"],"acf":[],"lang":"es","translations":{"es":61,"en":25},"meta_box":{"general_bg-color":""},"pll_sync_post":[],"_links":{"self":[{"href":"https:\/\/www.hdgroup.cl\/systems\/wp-json\/wp\/v2\/pages\/61","targetHints":{"allow":["GET"]}}],"collection":[{"href":"https:\/\/www.hdgroup.cl\/systems\/wp-json\/wp\/v2\/pages"}],"about":[{"href":"https:\/\/www.hdgroup.cl\/systems\/wp-json\/wp\/v2\/types\/page"}],"author":[{"embeddable":true,"href":"https:\/\/www.hdgroup.cl\/systems\/wp-json\/wp\/v2\/users\/1"}],"replies":[{"embeddable":true,"href":"https:\/\/www.hdgroup.cl\/systems\/wp-json\/wp\/v2\/comments?post=61"}],"version-history":[{"count":0,"href":"https:\/\/www.hdgroup.cl\/systems\/wp-json\/wp\/v2\/pages\/61\/revisions"}],"wp:attachment":[{"href":"https:\/\/www.hdgroup.cl\/systems\/wp-json\/wp\/v2\/media?parent=61"}],"curies":[{"name":"wp","href":"https:\/\/api.w.org\/{rel}","templated":true}]}}