{"id":59,"date":"2023-03-19T00:38:57","date_gmt":"2023-03-19T00:38:57","guid":{"rendered":"https:\/\/www.hdgroup.cl\/systems\/?page_id=59"},"modified":"2023-03-29T19:24:55","modified_gmt":"2023-03-29T19:24:55","slug":"nosotros","status":"publish","type":"page","link":"https:\/\/www.hdgroup.cl\/systems\/","title":{"rendered":"Nosotros"},"content":{"rendered":"\n<div class=\"wp-block-group alignfull\" style=\"padding-top:var(--wp--preset--spacing--50);padding-right:var(--wp--preset--spacing--50);padding-bottom:var(--wp--preset--spacing--50);padding-left:var(--wp--preset--spacing--50)\"><div class=\"wp-block-group__inner-container is-layout-constrained wp-container-core-group-is-layout-d399502e wp-block-group-is-layout-constrained\">\n<p class=\"enlace-linkedin\"><a rel=\"noreferrer noopener\" href=\"https:\/\/www.linkedin.com\/company\/honorato-delaveau\/?originalSubdomain=cl\" target=\"_blank\"><img decoding=\"async\" class=\"wp-image-433\" style=\"width: 26px;\" src=\"https:\/\/www.hdgroup.cl\/legal\/wp-content\/uploads\/sites\/2\/2023\/03\/icono-linkedin.svg\" alt=\"\"><\/a>HD Systems<\/p>\n\n\n<h1 class=\"wp-block-post-title\">Nosotros<\/h1>\n\n\n<div class=\"wp-block-columns is-layout-flex wp-container-core-columns-is-layout-9d6595d7 wp-block-columns-is-layout-flex\">\n<div class=\"wp-block-column is-layout-flow wp-block-column-is-layout-flow\" style=\"flex-basis:66.66%\">\n<h2 class=\"fw-light wp-block-heading\">HD Systems brinda a las personas jur\u00eddicas servicios de certificaci\u00f3n de Modelos de Prevenci\u00f3n, conforme a la Ley 20.393, sobre Responsabilidad Penal de las Personas Jur\u00eddicas. Con respecto a los Planes de Cumplimiento en Protecci\u00f3n a los Derechos del Consumidor, de acuerdo a la Ley. 19.496 sobre derechos del Consumidor, HD Systems asesora en el proceso de certificaci\u00f3n que finalmente otorga el SERNAC.<\/h2>\n<\/div>\n\n\n\n<div class=\"wp-block-column is-layout-flow wp-block-column-is-layout-flow\" style=\"flex-basis:33.33%\"><\/div>\n<\/div>\n<\/div><\/div>\n\n\n\n<div class=\"wp-block-cover alignfull\" style=\"min-height:420px;aspect-ratio:unset;\"><span aria-hidden=\"true\" class=\"wp-block-cover__background has-background-dim-0 has-background-dim\"><\/span><img decoding=\"async\" class=\"wp-block-cover__image-background wp-image-26\" alt=\"\" src=\"https:\/\/www.hdgroup.cl\/legal\/wp-content\/uploads\/sites\/2\/2023\/03\/about-01_hd-legal.png\" data-object-fit=\"cover\"\/><div class=\"wp-block-cover__inner-container is-layout-flow wp-block-cover-is-layout-flow\">\n<p class=\"has-text-align-center has-large-font-size\"><\/p>\n<\/div><\/div>\n\n\n\n<div class=\"wp-block-group alignfull\" style=\"padding-top:var(--wp--preset--spacing--50);padding-right:var(--wp--preset--spacing--50);padding-bottom:var(--wp--preset--spacing--50);padding-left:var(--wp--preset--spacing--50)\"><div class=\"wp-block-group__inner-container is-layout-constrained wp-container-core-group-is-layout-c65b5469 wp-block-group-is-layout-constrained\">\n<div class=\"wp-block-columns is-layout-flex wp-container-core-columns-is-layout-9d6595d7 wp-block-columns-is-layout-flex\">\n<div class=\"wp-block-column is-layout-flow wp-block-column-is-layout-flow\">\n<h4 class=\"wp-block-heading\">Nuestra filosof\u00eda<\/h4>\n\n\n\n<p>A trav\u00e9s de nuestra labor, buscamos colaborar en el fortalecimiento de los anillos de protecci\u00f3n o barreras que tendr\u00e1n las empresas para resguardar su reputaci\u00f3n o el posicionamiento de su marca en el mercado.<\/p>\n<\/div>\n\n\n\n<div class=\"wp-block-column is-layout-flow wp-block-column-is-layout-flow\">\n<h4 class=\"wp-block-heading\">Nuestra historia<\/h4>\n\n\n\n<p>HD Systems nace el 2022, al alero del grupo HD y bajo el liderazgo de Rebeca Zamora y Carlos Fr\u00edas, abogados con una extensa y destacada trayectoria en la materia.<\/p>\n<\/div>\n\n\n\n<div class=\"wp-block-column is-layout-flow wp-block-column-is-layout-flow\">\n<h4 class=\"wp-block-heading\"><\/h4>\n\n\n\n<p><\/p>\n<\/div>\n<\/div>\n<\/div><\/div>\n\n\n\n<div class=\"wp-block-group alignfull\" style=\"padding-top:var(--wp--preset--spacing--50);padding-right:var(--wp--preset--spacing--50);padding-bottom:var(--wp--preset--spacing--50);padding-left:var(--wp--preset--spacing--50)\"><div class=\"wp-block-group__inner-container is-layout-constrained wp-container-core-group-is-layout-c65b5469 wp-block-group-is-layout-constrained\">\n<div class=\"wp-block-media-text alignwide is-stacked-on-mobile\" style=\"grid-template-columns:48% auto\"><figure class=\"wp-block-media-text__media\"><img decoding=\"async\" src=\"https:\/\/www.hdgroup.cl\/legal\/wp-content\/uploads\/sites\/2\/2023\/03\/about-02_hd-legal.png\" alt=\"\" class=\"wp-image-27 size-full\"\/><\/figure><div class=\"wp-block-media-text__content\">\n<h2 class=\"wp-block-heading\">El M\u00e9todo HD Systems<\/h2>\n\n\n\n<p style=\"font-size:24px\">Para nosotros es clave sistematizar el proceso de certificaci\u00f3n y que este responda al efectivo testeo de una matriz de riesgo. A trav\u00e9s de nuestro modelo de certificaci\u00f3n colaboramos en el robustecimiento de los procesos internos para la detecci\u00f3n de fraudes o malas pr\u00e1cticas al interior de las empresas. Buscamos finalmente que nuestra metodolog\u00eda de trabajo genere valor agregado a las empresas en un proceso que logre robustecer sus Modelos de Prevenci\u00f3n y\/o Planes de Cumplimiento.<\/p>\n<\/div><\/div>\n<\/div><\/div>\n\n\n\n<div class=\"wp-block-group alignfull bloque-info-grid border-top border-bottom\" style=\"padding-top:var(--wp--preset--spacing--50);padding-right:var(--wp--preset--spacing--50);padding-bottom:var(--wp--preset--spacing--50);padding-left:var(--wp--preset--spacing--50)\"><div class=\"wp-block-group__inner-container is-layout-constrained wp-container-core-group-is-layout-c65b5469 wp-block-group-is-layout-constrained\">\n<div class=\"wp-block-columns is-layout-flex wp-container-core-columns-is-layout-9d6595d7 wp-block-columns-is-layout-flex\">\n<div class=\"wp-block-column has-background is-layout-flow wp-block-column-is-layout-flow\" style=\"background-color:#d7d8d8\">\n<h2 class=\"has-text-align-center has-large-font-size wp-block-heading\">Nuestros procesos est\u00e1n destinados a agregar valor.<\/h2>\n<\/div>\n\n\n\n<div class=\"wp-block-column is-vertically-aligned-center has-background is-layout-flow wp-block-column-is-layout-flow\" style=\"background-color:#ecece8\"><div class=\"wp-block-image\">\n<figure class=\"aligncenter size-large is-resized\"><img loading=\"lazy\" decoding=\"async\" src=\"https:\/\/www.hdgroup.cl\/legal\/wp-content\/uploads\/sites\/2\/2023\/03\/smile.svg\" alt=\"\" class=\"wp-image-53\" width=\"48\" height=\"48\"\/><\/figure>\n<\/div>\n\n\n<h2 class=\"has-text-align-center has-large-font-size wp-block-heading\">Construimos soluciones innovadoras.<\/h2>\n<\/div>\n\n\n\n<div class=\"wp-block-column is-vertically-aligned-center has-background is-layout-flow wp-block-column-is-layout-flow\" style=\"background-color:#a0bdc3\">\n<h2 class=\"wp-block-heading\" style=\"font-size:60px\">8<\/h2>\n\n\n\n<p class=\"has-medium-font-size\">Etapas contempla nuestro M\u00e9todo HD Systems.<\/p>\n\n\n\n<p style=\"text-transform:uppercase\"><a href=\"https:\/\/www.hdgroup.cl\/systems\/es\/servicios\/\" data-type=\"page\" data-id=\"61\">conoce m\u00e1s<\/a><\/p>\n<\/div>\n\n\n\n<div class=\"wp-block-column is-vertically-aligned-center has-background is-layout-flow wp-block-column-is-layout-flow\" style=\"background-color:#a29e9d\"><div class=\"wp-block-image\">\n<figure class=\"aligncenter size-large is-resized\"><img loading=\"lazy\" decoding=\"async\" src=\"https:\/\/www.hdgroup.cl\/legal\/wp-content\/uploads\/sites\/2\/2023\/03\/smile.svg\" alt=\"\" class=\"wp-image-53\" width=\"48\" height=\"48\"\/><\/figure>\n<\/div>\n\n\n<h2 class=\"has-text-align-center has-large-font-size wp-block-heading\">Con el mejor talento<\/h2>\n<\/div>\n<\/div>\n<\/div><\/div>\n","protected":false},"excerpt":{"rendered":"<p>HD Systems HD Systems brinda a las personas jur\u00eddicas servicios de certificaci\u00f3n de Modelos de Prevenci\u00f3n, conforme a la Ley 20.393, sobre Responsabilidad Penal de las Personas Jur\u00eddicas. Con respecto a los Planes de Cumplimiento en Protecci\u00f3n a los Derechos del Consumidor, de acuerdo a la Ley. 19.496 sobre derechos del Consumidor, HD Systems asesora<\/p>\n","protected":false},"author":1,"featured_media":0,"parent":0,"menu_order":1,"comment_status":"closed","ping_status":"closed","template":"","meta":{"_acf_changed":false,"footnotes":""},"class_list":["post-59","page","type-page","status-publish","hentry"],"acf":[],"lang":"es","translations":{"es":59,"en":23},"meta_box":{"general_bg-color":"#b1b8c6"},"pll_sync_post":[],"_links":{"self":[{"href":"https:\/\/www.hdgroup.cl\/systems\/wp-json\/wp\/v2\/pages\/59","targetHints":{"allow":["GET"]}}],"collection":[{"href":"https:\/\/www.hdgroup.cl\/systems\/wp-json\/wp\/v2\/pages"}],"about":[{"href":"https:\/\/www.hdgroup.cl\/systems\/wp-json\/wp\/v2\/types\/page"}],"author":[{"embeddable":true,"href":"https:\/\/www.hdgroup.cl\/systems\/wp-json\/wp\/v2\/users\/1"}],"replies":[{"embeddable":true,"href":"https:\/\/www.hdgroup.cl\/systems\/wp-json\/wp\/v2\/comments?post=59"}],"version-history":[{"count":0,"href":"https:\/\/www.hdgroup.cl\/systems\/wp-json\/wp\/v2\/pages\/59\/revisions"}],"wp:attachment":[{"href":"https:\/\/www.hdgroup.cl\/systems\/wp-json\/wp\/v2\/media?parent=59"}],"curies":[{"name":"wp","href":"https:\/\/api.w.org\/{rel}","templated":true}]}}