{"id":70,"date":"2023-03-18T23:16:21","date_gmt":"2023-03-18T23:16:21","guid":{"rendered":"https:\/\/www.hdgroup.cl\/compliance\/?page_id=70"},"modified":"2023-03-29T19:23:20","modified_gmt":"2023-03-29T19:23:20","slug":"noticias","status":"publish","type":"page","link":"https:\/\/www.hdgroup.cl\/compliance\/noticias\/","title":{"rendered":"Noticias"},"content":{"rendered":"\n<div class=\"wp-block-group alignfull\" style=\"padding-top:var(--wp--preset--spacing--50);padding-right:var(--wp--preset--spacing--50);padding-bottom:var(--wp--preset--spacing--50);padding-left:var(--wp--preset--spacing--50)\"><div class=\"wp-block-group__inner-container is-layout-constrained wp-container-core-group-is-layout-d399502e wp-block-group-is-layout-constrained\">\n<p class=\"enlace-linkedin\"><a rel=\"noreferrer noopener\" href=\"https:\/\/www.linkedin.com\/company\/honorato-delaveau\/?originalSubdomain=cl\" target=\"_blank\"><img decoding=\"async\" class=\"wp-image-433\" style=\"width: 26px;\" src=\"https:\/\/www.hdgroup.cl\/legal\/wp-content\/uploads\/sites\/2\/2023\/03\/icono-linkedin.svg\" alt=\"\"><\/a>Nuestro orgullo<\/p>\n\n\n<h1 class=\"wp-block-post-title\">Noticias<\/h1>\n\n\n<div class=\"wp-block-columns is-layout-flex wp-container-core-columns-is-layout-9d6595d7 wp-block-columns-is-layout-flex\">\n<div class=\"wp-block-column is-layout-flow wp-block-column-is-layout-flow\" style=\"flex-basis:66.66%\"><\/div>\n\n\n\n<div class=\"wp-block-column is-layout-flow wp-block-column-is-layout-flow\" style=\"flex-basis:33.33%\"><\/div>\n<\/div>\n\n\n\n\n<div class=\"grilla-posts-wrapper\">\n    <div id=\"grilla-posts-mb-block-593deb23-7964-4069-b3f2-999c6f3e3663\" class=\"grilla-posts  text-white\">\n            <ul id=\"grilla-posts\" class=\"list-unstyled pl-0\">\n                    <li class=\"item-post post-619 post type-post status-publish format-standard hentry category-going-on\">\n    <a  href=\"https:\/\/www.hdgroup.cl\/compliance\/en\/2025\/09\/10\/prensa-columna-de-la-socia-rebeca-zamora-y-la-directora-sara-huerta-para-estado-diario\/\">\n        <div class=\"post-meta\">\n            <span class=\"d-block categoria text-uppercase\">\n                Going on!            <\/span>\n                        <span class=\"d-block fecha\">Septiembre 10th 2025<\/span>\n                    <\/div>\n        <h2>Prensa | Columna de la socia Rebeca Zamora y la directora Sara Huerta para Estado Diario<\/h2>\n        <p>Lee la columna ac\u00e1. Acoso Sexual y oficialidad Por Sara Huerta y Rebeca Zamora La reciente sentencia de la Corte de Apelaciones de Santiago en causa Rol N\u00b01834-2024 dictada con fecha 18 de junio de 2025, que revoc\u00f3 la decisi\u00f3n de primera instancia respecto a la declaraci\u00f3n de despido injustificado de un \u201cgerente de complejo\u201d,<\/p>\n        \n    <\/a>\n<\/li>                    <li class=\"item-post post-618 post type-post status-publish format-standard hentry category-going-on\">\n    <a  href=\"https:\/\/www.hdgroup.cl\/compliance\/2025\/09\/10\/prensa-columna-de-la-socia-rebeca-zamora-y-la-directora-sara-huerta-para-estado-diario\/\">\n        <div class=\"post-meta\">\n            <span class=\"d-block categoria text-uppercase\">\n                Going on!            <\/span>\n                        <span class=\"d-block fecha\">Septiembre 10th 2025<\/span>\n                    <\/div>\n        <h2>Prensa | Columna de la socia Rebeca Zamora y la directora Sara Huerta para Estado Diario<\/h2>\n        <p>Lee la columna ac\u00e1. Acoso Sexual y oficialidad Por Sara Huerta y Rebeca Zamora La reciente sentencia de la Corte de Apelaciones de Santiago en causa Rol N\u00b01834-2024 dictada con fecha 18 de junio de 2025, que revoc\u00f3 la decisi\u00f3n de primera instancia respecto a la declaraci\u00f3n de despido injustificado de un \u201cgerente de complejo\u201d,<\/p>\n        \n    <\/a>\n<\/li>                    <li class=\"item-post post-590 post type-post status-publish format-standard hentry category-going-on\">\n    <a  href=\"https:\/\/www.hdgroup.cl\/compliance\/en\/2025\/08\/13\/prensa-hd-group-reestructura-y-refuerza-su-equipo-de-compliance-nombra-directora-suma-nuevos-abogados-y-fortalece-alianzas\/\">\n        <div class=\"post-meta\">\n            <span class=\"d-block categoria text-uppercase\">\n                Going on!            <\/span>\n                        <span class=\"d-block fecha\">Agosto 13th 2025<\/span>\n                    <\/div>\n        <h2>Prensa | HD Group reestructura y refuerza su equipo de Compliance, nombra directora, suma nuevos abogados y fortalece alianzas<\/h2>\n        <p>Estamos muy contentos por la buena recepci\u00f3n que ha tenido la noticia sobre la reestructuraci\u00f3n de nuestra \u00e1rea de Compliance, a cargo de nuestra socia, Rebeca Zamora Picciani, que en las \u00faltimas semanas fortaleci\u00f3 su equipo -por una parte- con el nombramiento de la abogada Sara Huerta Estrada como directora del \u00e1rea y -por otra-<\/p>\n        \n    <\/a>\n<\/li>                    <li class=\"item-post post-589 post type-post status-publish format-standard hentry category-going-on\">\n    <a  href=\"https:\/\/www.hdgroup.cl\/compliance\/2025\/08\/13\/prensa-hd-group-reestructura-y-refuerza-su-equipo-de-compliance-nombra-directora-suma-nuevos-abogados-y-fortalece-alianzas\/\">\n        <div class=\"post-meta\">\n            <span class=\"d-block categoria text-uppercase\">\n                Going on!            <\/span>\n                        <span class=\"d-block fecha\">Agosto 13th 2025<\/span>\n                    <\/div>\n        <h2>Prensa | HD Group reestructura y refuerza su equipo de Compliance, nombra directora, suma nuevos abogados y fortalece alianzas<\/h2>\n        <p>Estamos muy contentos por la buena recepci\u00f3n que ha tenido la noticia sobre la reestructuraci\u00f3n de nuestra \u00e1rea de Compliance, a cargo de nuestra socia, Rebeca Zamora Picciani, que en las \u00faltimas semanas fortaleci\u00f3 su equipo -por una parte- con el nombramiento de la abogada Sara Huerta Estrada como directora del \u00e1rea y -por otra-<\/p>\n        \n    <\/a>\n<\/li>                    <li class=\"item-post post-586 post type-post status-publish format-standard hentry category-going-on\">\n    <a  href=\"https:\/\/www.hdgroup.cl\/compliance\/2025\/08\/07\/prensa-medios-cubren-la-reestructuracion-del-area-de-compliance\/\">\n        <div class=\"post-meta\">\n            <span class=\"d-block categoria text-uppercase\">\n                Going on!            <\/span>\n                        <span class=\"d-block fecha\">Agosto 7th 2025<\/span>\n                    <\/div>\n        <h2>Prensa | Medios cubren la reestructuraci\u00f3n del \u00e1rea de Compliance<\/h2>\n        <p>Queremos agradecer la cobertura que distintos medios le han entregado a la reestructuraci\u00f3n que est\u00e1 viviendo por estos d\u00edas nuestra \u00e1rea de Compliance, a cargo de la socia Rebeca Zamora Picciani. Dentro de los principales cambios, se encuentra el nombramiento de Sara Huerta Estrada como directora de la pr\u00e1ctica, la incorporaci\u00f3n de nuevos asociados, y<\/p>\n        \n    <\/a>\n<\/li>                    <li class=\"item-post post-587 post type-post status-publish format-standard hentry category-going-on\">\n    <a  href=\"https:\/\/www.hdgroup.cl\/compliance\/en\/2025\/08\/07\/prensa-medios-cubren-la-reestructuracion-del-area-de-compliance\/\">\n        <div class=\"post-meta\">\n            <span class=\"d-block categoria text-uppercase\">\n                Going on!            <\/span>\n                        <span class=\"d-block fecha\">Agosto 7th 2025<\/span>\n                    <\/div>\n        <h2>Prensa | Medios cubren la reestructuraci\u00f3n del \u00e1rea de Compliance<\/h2>\n        <p>Queremos agradecer la cobertura que distintos medios le han entregado a la reestructuraci\u00f3n que est\u00e1 viviendo por estos d\u00edas nuestra \u00e1rea de Compliance, a cargo de la socia Rebeca Zamora Picciani. Dentro de los principales cambios, se encuentra el nombramiento de Sara Huerta Estrada como directora de la pr\u00e1ctica, la incorporaci\u00f3n de nuevos asociados, y<\/p>\n        \n    <\/a>\n<\/li>                <\/ul>\n                    <\/div>\n        <div class=\"d-flex justify-content-center\">\n        <a id=\"load-more\" href=\"#\">Load more<\/a>\n    <\/div>\n        \n<\/div><\/div><\/div>\n","protected":false},"excerpt":{"rendered":"<p>Nuestro orgullo<\/p>\n","protected":false},"author":1,"featured_media":0,"parent":0,"menu_order":8,"comment_status":"closed","ping_status":"closed","template":"page-news.php","meta":{"_acf_changed":false,"footnotes":""},"class_list":["post-70","page","type-page","status-publish","hentry"],"acf":[],"lang":"es","translations":{"es":70,"en":36},"meta_box":{"general_bg-color":""},"pll_sync_post":[],"_links":{"self":[{"href":"https:\/\/www.hdgroup.cl\/compliance\/wp-json\/wp\/v2\/pages\/70","targetHints":{"allow":["GET"]}}],"collection":[{"href":"https:\/\/www.hdgroup.cl\/compliance\/wp-json\/wp\/v2\/pages"}],"about":[{"href":"https:\/\/www.hdgroup.cl\/compliance\/wp-json\/wp\/v2\/types\/page"}],"author":[{"embeddable":true,"href":"https:\/\/www.hdgroup.cl\/compliance\/wp-json\/wp\/v2\/users\/1"}],"replies":[{"embeddable":true,"href":"https:\/\/www.hdgroup.cl\/compliance\/wp-json\/wp\/v2\/comments?post=70"}],"version-history":[{"count":0,"href":"https:\/\/www.hdgroup.cl\/compliance\/wp-json\/wp\/v2\/pages\/70\/revisions"}],"wp:attachment":[{"href":"https:\/\/www.hdgroup.cl\/compliance\/wp-json\/wp\/v2\/media?parent=70"}],"curies":[{"name":"wp","href":"https:\/\/api.w.org\/{rel}","templated":true}]}}