{"id":58,"date":"2023-03-18T22:58:55","date_gmt":"2023-03-18T22:58:55","guid":{"rendered":"https:\/\/www.hdgroup.cl\/compliance\/?page_id=58"},"modified":"2023-03-29T19:22:22","modified_gmt":"2023-03-29T19:22:22","slug":"nuestro-equipo","status":"publish","type":"page","link":"https:\/\/www.hdgroup.cl\/compliance\/nuestro-equipo\/","title":{"rendered":"Equipo"},"content":{"rendered":"\n<div class=\"wp-block-group alignfull\" style=\"padding-top:var(--wp--preset--spacing--50);padding-right:var(--wp--preset--spacing--50);padding-bottom:var(--wp--preset--spacing--50);padding-left:var(--wp--preset--spacing--50)\"><div class=\"wp-block-group__inner-container is-layout-constrained wp-container-core-group-is-layout-d399502e wp-block-group-is-layout-constrained\">\n<p class=\"enlace-linkedin\"><a rel=\"noreferrer noopener\" href=\"https:\/\/www.linkedin.com\/company\/honorato-delaveau\/?originalSubdomain=cl\" target=\"_blank\"><img decoding=\"async\" class=\"wp-image-433\" style=\"width: 26px;\" src=\"https:\/\/www.hdgroup.cl\/legal\/wp-content\/uploads\/sites\/2\/2023\/03\/icono-linkedin.svg\" alt=\"\"><\/a>HD Compliance<\/p>\n\n\n<h1 class=\"wp-block-post-title\">Equipo<\/h1>\n\n\n<div class=\"wp-block-columns is-layout-flex wp-container-core-columns-is-layout-9d6595d7 wp-block-columns-is-layout-flex\">\n<div class=\"wp-block-column is-layout-flow wp-block-column-is-layout-flow\" style=\"flex-basis:66.66%\">\n<h2 class=\"fw-light wp-block-heading\">Nuestro equipo est\u00e1 formado por abogados altamente cualificados y con un gran sentido del compromiso, que cuentan con una amplia experiencia y conocimiento de las \u00e1reas.<\/h2>\n\n\n\n<div style=\"height:15px\" aria-hidden=\"true\" class=\"wp-block-spacer\"><\/div>\n\n\n\n<p>Por nuestra especializaci\u00f3n en el \u00e1rea Financiera, Societaria y de Compliance, y teniendo en cuenta las necesidades de nuestros clientes en permanente crecimiento, queremos asegurar la prestaci\u00f3n de servicios que generen mayor productividad y eficiencia.<\/p>\n<\/div>\n\n\n\n<div class=\"wp-block-column is-layout-flow wp-block-column-is-layout-flow\" style=\"flex-basis:33.33%\"><\/div>\n<\/div>\n<\/div><\/div>\n\n\n\n<div class=\"wp-block-group alignfull border-bottom\" style=\"padding-top:var(--wp--preset--spacing--50);padding-right:var(--wp--preset--spacing--50);padding-bottom:var(--wp--preset--spacing--50);padding-left:var(--wp--preset--spacing--50)\"><div class=\"wp-block-group__inner-container is-layout-constrained wp-container-core-group-is-layout-d399502e wp-block-group-is-layout-constrained\">\n\n<div id=\"bloque-team-mb-block-acf6887f-82f1-47e7-be81-79e2ae2cbe7a\" class=\"bloque-team \">\n\t<div class=\"d-flex \">\n\t\t<div class=\"item-col\">\n\t\t\t\t<ul class=\"listado-personas list-unstyled\">\n\t\t\t\t\t<li>\n\t\t\t\t<a href=\"https:\/\/www.hdgroup.cl\/compliance\/en\/team\/sebastian-delpiano\/\" data-item=\"imagen-0\" data-imagen=\"https:\/\/www.hdgroup.cl\/compliance\/wp-content\/uploads\/sites\/3\/2023\/03\/Sebastian-Delpiano_1.png\">\n\t\t\t\t\t<span class=\"persona-term d-block\">\n\t\t\t\t\t\tPartner\t\t\t\t\t<\/span>\n\t\t\t\t\tSebasti\u00e1n Delpiano\t\t\t\t<\/a>\n\t\t\t<\/li>\n\t\t\t\t\t\t\t\t<li>\n\t\t\t\t<a href=\"https:\/\/www.hdgroup.cl\/compliance\/equipo\/sebastian-delpiano\/\" data-item=\"imagen-1\" data-imagen=\"https:\/\/www.hdgroup.cl\/compliance\/wp-content\/uploads\/sites\/3\/2023\/03\/Sebastian-Delpiano_1.png\">\n\t\t\t\t\t<span class=\"persona-term d-block\">\n\t\t\t\t\t\tSocio\t\t\t\t\t<\/span>\n\t\t\t\t\tSebasti\u00e1n Delpiano\t\t\t\t<\/a>\n\t\t\t<\/li>\n\t\t\t\t\t\t\t\t<li>\n\t\t\t\t<a href=\"https:\/\/www.hdgroup.cl\/compliance\/en\/team\/rebeca-zamora-picciani\/\" data-item=\"imagen-2\" data-imagen=\"https:\/\/www.hdgroup.cl\/compliance\/wp-content\/uploads\/sites\/3\/2023\/03\/Rebeca-Zamora.png\">\n\t\t\t\t\t<span class=\"persona-term d-block\">\n\t\t\t\t\t\tPartner\t\t\t\t\t<\/span>\n\t\t\t\t\tRebeca Zamora\t\t\t\t<\/a>\n\t\t\t<\/li>\n\t\t\t\t\t\t\t\t<li>\n\t\t\t\t<a href=\"https:\/\/www.hdgroup.cl\/compliance\/equipo\/rebeca-zamora-picciani\/\" data-item=\"imagen-3\" data-imagen=\"https:\/\/www.hdgroup.cl\/compliance\/wp-content\/uploads\/sites\/3\/2023\/03\/Rebeca-Zamora.png\">\n\t\t\t\t\t<span class=\"persona-term d-block\">\n\t\t\t\t\t\tSocia \t\t\t\t\t<\/span>\n\t\t\t\t\tRebeca Zamora\t\t\t\t<\/a>\n\t\t\t<\/li>\n\t\t\t\t\t\t\t\t<li>\n\t\t\t\t<a href=\"https:\/\/www.hdgroup.cl\/compliance\/en\/team\/carlos-frias\/\" data-item=\"imagen-4\" data-imagen=\"https:\/\/www.hdgroup.cl\/compliance\/wp-content\/uploads\/sites\/3\/2023\/03\/Carlos-Frias.png\">\n\t\t\t\t\t<span class=\"persona-term d-block\">\n\t\t\t\t\t\tPartner\t\t\t\t\t<\/span>\n\t\t\t\t\tCarlos Fr\u00edas\t\t\t\t<\/a>\n\t\t\t<\/li>\n\t\t\t\t\t\t\t\t<li>\n\t\t\t\t<a href=\"https:\/\/www.hdgroup.cl\/compliance\/equipo\/carlos-frias\/\" data-item=\"imagen-5\" data-imagen=\"https:\/\/www.hdgroup.cl\/compliance\/wp-content\/uploads\/sites\/3\/2023\/03\/Carlos-Frias.png\">\n\t\t\t\t\t<span class=\"persona-term d-block\">\n\t\t\t\t\t\tSocio\t\t\t\t\t<\/span>\n\t\t\t\t\tCarlos Fr\u00edas\t\t\t\t<\/a>\n\t\t\t<\/li>\n\t\t\t\t\t\t\t\t<li>\n\t\t\t\t<a href=\"https:\/\/www.hdgroup.cl\/compliance\/equipo\/sara-huerta\/\" data-item=\"imagen-6\" data-imagen=\"https:\/\/www.hdgroup.cl\/compliance\/wp-content\/uploads\/sites\/3\/2025\/08\/Sara-Huerta.png\">\n\t\t\t\t\t<span class=\"persona-term d-block\">\n\t\t\t\t\t\tDirectora\t\t\t\t\t<\/span>\n\t\t\t\t\tSara Huerta\t\t\t\t<\/a>\n\t\t\t<\/li>\n\t\t\t\t\t\t\t\t<li>\n\t\t\t\t<a href=\"https:\/\/www.hdgroup.cl\/compliance\/en\/team\/sara-huerta\/\" data-item=\"imagen-7\" data-imagen=\"https:\/\/www.hdgroup.cl\/compliance\/wp-content\/uploads\/sites\/3\/2025\/08\/Sara-Huerta.png\">\n\t\t\t\t\t<span class=\"persona-term d-block\">\n\t\t\t\t\t\tDirector\t\t\t\t\t<\/span>\n\t\t\t\t\tSara Huerta\t\t\t\t<\/a>\n\t\t\t<\/li>\n\t\t\t\t\t\t\t\t<li>\n\t\t\t\t<a href=\"https:\/\/www.hdgroup.cl\/compliance\/equipo\/camilo-sanhueza\/\" data-item=\"imagen-8\" data-imagen=\"https:\/\/www.hdgroup.cl\/compliance\/wp-content\/uploads\/sites\/3\/2024\/07\/Camilo-Sanhueza.png\">\n\t\t\t\t\t<span class=\"persona-term d-block\">\n\t\t\t\t\t\tAsociado\t\t\t\t\t<\/span>\n\t\t\t\t\tCamilo Sanhueza\t\t\t\t<\/a>\n\t\t\t<\/li>\n\t\t\t\t\t\t\t\t<li>\n\t\t\t\t<a href=\"https:\/\/www.hdgroup.cl\/compliance\/en\/team\/camilo-sanhueza\/\" data-item=\"imagen-9\" data-imagen=\"https:\/\/www.hdgroup.cl\/compliance\/wp-content\/uploads\/sites\/3\/2024\/07\/Camilo-Sanhueza.png\">\n\t\t\t\t\t<span class=\"persona-term d-block\">\n\t\t\t\t\t\tAssociate\t\t\t\t\t<\/span>\n\t\t\t\t\tCamilo Sanhueza\t\t\t\t<\/a>\n\t\t\t<\/li>\n\t\t\t\t\t\t\t\t<li>\n\t\t\t\t<a href=\"https:\/\/www.hdgroup.cl\/compliance\/equipo\/josefina-besa\/\" data-item=\"imagen-10\" data-imagen=\"https:\/\/www.hdgroup.cl\/compliance\/wp-content\/uploads\/sites\/3\/2024\/07\/Josefina-Besa.png\">\n\t\t\t\t\t<span class=\"persona-term d-block\">\n\t\t\t\t\t\tAsociada \t\t\t\t\t<\/span>\n\t\t\t\t\tJosefina Besa\t\t\t\t<\/a>\n\t\t\t<\/li>\n\t\t\t\t\t\t\t\t<li>\n\t\t\t\t<a href=\"https:\/\/www.hdgroup.cl\/compliance\/en\/team\/josefina-besa\/\" data-item=\"imagen-11\" data-imagen=\"https:\/\/www.hdgroup.cl\/compliance\/wp-content\/uploads\/sites\/3\/2024\/07\/Josefina-Besa.png\">\n\t\t\t\t\t<span class=\"persona-term d-block\">\n\t\t\t\t\t\tAssociate\t\t\t\t\t<\/span>\n\t\t\t\t\tJosefina Besa\t\t\t\t<\/a>\n\t\t\t<\/li>\n\t\t\t\t\t\t\t\t<li>\n\t\t\t\t<a href=\"https:\/\/www.hdgroup.cl\/compliance\/en\/team\/maria-paz-rios\/\" data-item=\"imagen-12\" data-imagen=\"https:\/\/www.hdgroup.cl\/compliance\/wp-content\/uploads\/sites\/3\/2025\/08\/Maria-Paz-Rios.png\">\n\t\t\t\t\t<span class=\"persona-term d-block\">\n\t\t\t\t\t\tAssociate\t\t\t\t\t<\/span>\n\t\t\t\t\tMar\u00eda Paz R\u00edos\t\t\t\t<\/a>\n\t\t\t<\/li>\n\t\t\t\t\t\t\t\t<li>\n\t\t\t\t<a href=\"https:\/\/www.hdgroup.cl\/compliance\/equipo\/maria-paz-rios\/\" data-item=\"imagen-13\" data-imagen=\"https:\/\/www.hdgroup.cl\/compliance\/wp-content\/uploads\/sites\/3\/2025\/08\/Maria-Paz-Rios.png\">\n\t\t\t\t\t<span class=\"persona-term d-block\">\n\t\t\t\t\t\tAsociada \t\t\t\t\t<\/span>\n\t\t\t\t\tMar\u00eda Paz R\u00edos\t\t\t\t<\/a>\n\t\t\t<\/li>\n\t\t\t\t\t\t\t\t<li>\n\t\t\t\t<a href=\"https:\/\/www.hdgroup.cl\/compliance\/equipo\/rodrigo-maldonado\/\" data-item=\"imagen-14\" data-imagen=\"https:\/\/www.hdgroup.cl\/compliance\/wp-content\/uploads\/sites\/3\/2023\/08\/Rodrigo-Maldonado.png\">\n\t\t\t\t\t<span class=\"persona-term d-block\">\n\t\t\t\t\t\tAsociado\t\t\t\t\t<\/span>\n\t\t\t\t\tRodrigo Maldonado\t\t\t\t<\/a>\n\t\t\t<\/li>\n\t\t\t\t\t\t\t\t<li>\n\t\t\t\t<a href=\"https:\/\/www.hdgroup.cl\/compliance\/en\/team\/rodrigo-maldonado\/\" data-item=\"imagen-15\" data-imagen=\"https:\/\/www.hdgroup.cl\/compliance\/wp-content\/uploads\/sites\/3\/2023\/08\/Rodrigo-Maldonado.png\">\n\t\t\t\t\t<span class=\"persona-term d-block\">\n\t\t\t\t\t\tAssociate\t\t\t\t\t<\/span>\n\t\t\t\t\tRodrigo Maldonado\t\t\t\t<\/a>\n\t\t\t<\/li>\n\t\t\t\t\t\t\t\t<li>\n\t\t\t\t<a href=\"https:\/\/www.hdgroup.cl\/compliance\/equipo\/nathalia-bucarey\/\" data-item=\"imagen-16\" data-imagen=\"https:\/\/www.hdgroup.cl\/compliance\/wp-content\/uploads\/sites\/3\/2025\/01\/Nathalia-Bucarey.png\">\n\t\t\t\t\t<span class=\"persona-term d-block\">\n\t\t\t\t\t\tAuditora\t\t\t\t\t<\/span>\n\t\t\t\t\tNathalia Bucarey\t\t\t\t<\/a>\n\t\t\t<\/li>\n\t\t\t\t\t\t\t\t<li>\n\t\t\t\t<a href=\"https:\/\/www.hdgroup.cl\/compliance\/en\/team\/nathalia-bucarey\/\" data-item=\"imagen-17\" data-imagen=\"https:\/\/www.hdgroup.cl\/compliance\/wp-content\/uploads\/sites\/3\/2025\/01\/Nathalia-Bucarey.png\">\n\t\t\t\t\t<span class=\"persona-term d-block\">\n\t\t\t\t\t\tAccountant\t\t\t\t\t<\/span>\n\t\t\t\t\tNathalia Bucarey\t\t\t\t<\/a>\n\t\t\t<\/li>\n\t\t\t\t\t\t\t\t<li>\n\t\t\t\t<a href=\"https:\/\/www.hdgroup.cl\/compliance\/equipo\/moira-mejias\/\" data-item=\"imagen-18\" data-imagen=\"https:\/\/www.hdgroup.cl\/compliance\/wp-content\/uploads\/sites\/3\/2023\/09\/Moira-Mejias.webp\">\n\t\t\t\t\t<span class=\"persona-term d-block\">\n\t\t\t\t\t\tAuditora\t\t\t\t\t<\/span>\n\t\t\t\t\tMoira Mej\u00edas\t\t\t\t<\/a>\n\t\t\t<\/li>\n\t\t\t\t\t\t\t\t<li>\n\t\t\t\t<a href=\"https:\/\/www.hdgroup.cl\/compliance\/en\/team\/moira-mejias\/\" data-item=\"imagen-19\" data-imagen=\"https:\/\/www.hdgroup.cl\/compliance\/wp-content\/uploads\/sites\/3\/2023\/09\/Moira-Mejias.webp\">\n\t\t\t\t\t<span class=\"persona-term d-block\">\n\t\t\t\t\t\tAccountant\t\t\t\t\t<\/span>\n\t\t\t\t\tMoira Mej\u00edas\t\t\t\t<\/a>\n\t\t\t<\/li>\n\t\t\t\t\t\t\t<\/ul>\n\t\t\t\t\t\t<\/div>\n\t\t<div class=\"item-col imagen-wrapper\">\n\t\t\t\t\t\t\t\t\t\t\t\t<div data-carga=\"imagen-0\" class=\"imagen activo\">\n\t\t\t\t\t\t\t\t\t\t\t\t\t<img decoding=\"async\" src=\"https:\/\/www.hdgroup.cl\/compliance\/wp-content\/uploads\/sites\/3\/2023\/03\/Sebastian-Delpiano_1.png\" \/>\n\t\t\t\t\t\t\t\t\t\t\t<\/div>\n\t\t\t\t\t\t\t\t\t\t\t\t\t\t\t\t\t\t\t<div data-carga=\"imagen-1\" class=\"imagen \">\n\t\t\t\t\t\t\t\t\t\t\t\t\t<img decoding=\"async\" src=\"https:\/\/www.hdgroup.cl\/compliance\/wp-content\/uploads\/sites\/3\/2023\/03\/Sebastian-Delpiano_1.png\" \/>\n\t\t\t\t\t\t\t\t\t\t\t<\/div>\n\t\t\t\t\t\t\t\t\t\t\t\t\t\t\t\t\t\t\t<div data-carga=\"imagen-2\" class=\"imagen \">\n\t\t\t\t\t\t\t\t\t\t\t\t\t<img decoding=\"async\" src=\"https:\/\/www.hdgroup.cl\/compliance\/wp-content\/uploads\/sites\/3\/2023\/03\/Rebeca-Zamora.png\" \/>\n\t\t\t\t\t\t\t\t\t\t\t<\/div>\n\t\t\t\t\t\t\t\t\t\t\t\t\t\t\t\t\t\t\t<div data-carga=\"imagen-3\" class=\"imagen \">\n\t\t\t\t\t\t\t\t\t\t\t\t\t<img decoding=\"async\" src=\"https:\/\/www.hdgroup.cl\/compliance\/wp-content\/uploads\/sites\/3\/2023\/03\/Rebeca-Zamora.png\" \/>\n\t\t\t\t\t\t\t\t\t\t\t<\/div>\n\t\t\t\t\t\t\t\t\t\t\t\t\t\t\t\t\t\t\t<div data-carga=\"imagen-4\" class=\"imagen \">\n\t\t\t\t\t\t\t\t\t\t\t\t\t<img decoding=\"async\" src=\"https:\/\/www.hdgroup.cl\/compliance\/wp-content\/uploads\/sites\/3\/2023\/03\/Carlos-Frias.png\" \/>\n\t\t\t\t\t\t\t\t\t\t\t<\/div>\n\t\t\t\t\t\t\t\t\t\t\t\t\t\t\t\t\t\t\t<div data-carga=\"imagen-5\" class=\"imagen \">\n\t\t\t\t\t\t\t\t\t\t\t\t\t<img decoding=\"async\" src=\"https:\/\/www.hdgroup.cl\/compliance\/wp-content\/uploads\/sites\/3\/2023\/03\/Carlos-Frias.png\" \/>\n\t\t\t\t\t\t\t\t\t\t\t<\/div>\n\t\t\t\t\t\t\t\t\t\t\t\t\t\t\t\t\t\t\t<div data-carga=\"imagen-6\" class=\"imagen \">\n\t\t\t\t\t\t\t\t\t\t\t\t\t<img decoding=\"async\" src=\"https:\/\/www.hdgroup.cl\/compliance\/wp-content\/uploads\/sites\/3\/2025\/08\/Sara-Huerta.png\" \/>\n\t\t\t\t\t\t\t\t\t\t\t<\/div>\n\t\t\t\t\t\t\t\t\t\t\t\t\t\t\t\t\t\t\t<div data-carga=\"imagen-7\" class=\"imagen \">\n\t\t\t\t\t\t\t\t\t\t\t\t\t<img decoding=\"async\" src=\"https:\/\/www.hdgroup.cl\/compliance\/wp-content\/uploads\/sites\/3\/2025\/08\/Sara-Huerta.png\" \/>\n\t\t\t\t\t\t\t\t\t\t\t<\/div>\n\t\t\t\t\t\t\t\t\t\t\t\t\t\t\t\t\t\t\t<div data-carga=\"imagen-8\" class=\"imagen \">\n\t\t\t\t\t\t\t\t\t\t\t\t\t<img decoding=\"async\" src=\"https:\/\/www.hdgroup.cl\/compliance\/wp-content\/uploads\/sites\/3\/2024\/07\/Camilo-Sanhueza.png\" \/>\n\t\t\t\t\t\t\t\t\t\t\t<\/div>\n\t\t\t\t\t\t\t\t\t\t\t\t\t\t\t\t\t\t\t<div data-carga=\"imagen-9\" class=\"imagen \">\n\t\t\t\t\t\t\t\t\t\t\t\t\t<img decoding=\"async\" src=\"https:\/\/www.hdgroup.cl\/compliance\/wp-content\/uploads\/sites\/3\/2024\/07\/Camilo-Sanhueza.png\" \/>\n\t\t\t\t\t\t\t\t\t\t\t<\/div>\n\t\t\t\t\t\t\t\t\t\t\t\t\t\t\t\t\t\t\t<div data-carga=\"imagen-10\" class=\"imagen \">\n\t\t\t\t\t\t\t\t\t\t\t\t\t<img decoding=\"async\" src=\"https:\/\/www.hdgroup.cl\/compliance\/wp-content\/uploads\/sites\/3\/2024\/07\/Josefina-Besa.png\" \/>\n\t\t\t\t\t\t\t\t\t\t\t<\/div>\n\t\t\t\t\t\t\t\t\t\t\t\t\t\t\t\t\t\t\t<div data-carga=\"imagen-11\" class=\"imagen \">\n\t\t\t\t\t\t\t\t\t\t\t\t\t<img decoding=\"async\" src=\"https:\/\/www.hdgroup.cl\/compliance\/wp-content\/uploads\/sites\/3\/2024\/07\/Josefina-Besa.png\" \/>\n\t\t\t\t\t\t\t\t\t\t\t<\/div>\n\t\t\t\t\t\t\t\t\t\t\t\t\t\t\t\t\t\t\t<div data-carga=\"imagen-12\" class=\"imagen \">\n\t\t\t\t\t\t\t\t\t\t\t\t\t<img decoding=\"async\" src=\"https:\/\/www.hdgroup.cl\/compliance\/wp-content\/uploads\/sites\/3\/2025\/08\/Maria-Paz-Rios.png\" \/>\n\t\t\t\t\t\t\t\t\t\t\t<\/div>\n\t\t\t\t\t\t\t\t\t\t\t\t\t\t\t\t\t\t\t<div data-carga=\"imagen-13\" class=\"imagen \">\n\t\t\t\t\t\t\t\t\t\t\t\t\t<img decoding=\"async\" src=\"https:\/\/www.hdgroup.cl\/compliance\/wp-content\/uploads\/sites\/3\/2025\/08\/Maria-Paz-Rios.png\" \/>\n\t\t\t\t\t\t\t\t\t\t\t<\/div>\n\t\t\t\t\t\t\t\t\t\t\t\t\t\t\t\t\t\t\t<div data-carga=\"imagen-14\" class=\"imagen \">\n\t\t\t\t\t\t\t\t\t\t\t\t\t<img decoding=\"async\" src=\"https:\/\/www.hdgroup.cl\/compliance\/wp-content\/uploads\/sites\/3\/2023\/08\/Rodrigo-Maldonado.png\" \/>\n\t\t\t\t\t\t\t\t\t\t\t<\/div>\n\t\t\t\t\t\t\t\t\t\t\t\t\t\t\t\t\t\t\t<div data-carga=\"imagen-15\" class=\"imagen \">\n\t\t\t\t\t\t\t\t\t\t\t\t\t<img decoding=\"async\" src=\"https:\/\/www.hdgroup.cl\/compliance\/wp-content\/uploads\/sites\/3\/2023\/08\/Rodrigo-Maldonado.png\" \/>\n\t\t\t\t\t\t\t\t\t\t\t<\/div>\n\t\t\t\t\t\t\t\t\t\t\t\t\t\t\t\t\t\t\t<div data-carga=\"imagen-16\" class=\"imagen \">\n\t\t\t\t\t\t\t\t\t\t\t\t\t<img decoding=\"async\" src=\"https:\/\/www.hdgroup.cl\/compliance\/wp-content\/uploads\/sites\/3\/2025\/01\/Nathalia-Bucarey.png\" \/>\n\t\t\t\t\t\t\t\t\t\t\t<\/div>\n\t\t\t\t\t\t\t\t\t\t\t\t\t\t\t\t\t\t\t<div data-carga=\"imagen-17\" class=\"imagen \">\n\t\t\t\t\t\t\t\t\t\t\t\t\t<img decoding=\"async\" src=\"https:\/\/www.hdgroup.cl\/compliance\/wp-content\/uploads\/sites\/3\/2025\/01\/Nathalia-Bucarey.png\" \/>\n\t\t\t\t\t\t\t\t\t\t\t<\/div>\n\t\t\t\t\t\t\t\t\t\t\t\t\t\t\t\t\t\t\t<div data-carga=\"imagen-18\" class=\"imagen \">\n\t\t\t\t\t\t\t\t\t\t\t\t\t<img decoding=\"async\" src=\"https:\/\/www.hdgroup.cl\/compliance\/wp-content\/uploads\/sites\/3\/2023\/09\/Moira-Mejias.webp\" \/>\n\t\t\t\t\t\t\t\t\t\t\t<\/div>\n\t\t\t\t\t\t\t\t\t\t\t\t\t\t\t\t\t\t\t<div data-carga=\"imagen-19\" class=\"imagen \">\n\t\t\t\t\t\t\t\t\t\t\t\t\t<img decoding=\"async\" src=\"https:\/\/www.hdgroup.cl\/compliance\/wp-content\/uploads\/sites\/3\/2023\/09\/Moira-Mejias.webp\" \/>\n\t\t\t\t\t\t\t\t\t\t\t<\/div>\n\t\t\t\t\t\t\t\t\t\t\t\t\t\t\t\t\t\t\t\t\t\t<\/div>\n\t<\/div>\n<\/div><\/div><\/div>\n","protected":false},"excerpt":{"rendered":"<p>HD Compliance Nuestro equipo est\u00e1 formado por abogados altamente cualificados y con un gran sentido del compromiso, que cuentan con una amplia experiencia y conocimiento de las \u00e1reas. Por nuestra especializaci\u00f3n en el \u00e1rea Financiera, Societaria y de Compliance, y teniendo en cuenta las necesidades de nuestros clientes en permanente crecimiento, queremos asegurar la prestaci\u00f3n<\/p>\n","protected":false},"author":1,"featured_media":0,"parent":0,"menu_order":6,"comment_status":"closed","ping_status":"closed","template":"","meta":{"_acf_changed":false,"footnotes":""},"class_list":["post-58","page","type-page","status-publish","hentry"],"acf":[],"lang":"es","translations":{"es":58,"en":13},"meta_box":{"general_bg-color":"#a0bdc3"},"pll_sync_post":[],"_links":{"self":[{"href":"https:\/\/www.hdgroup.cl\/compliance\/wp-json\/wp\/v2\/pages\/58","targetHints":{"allow":["GET"]}}],"collection":[{"href":"https:\/\/www.hdgroup.cl\/compliance\/wp-json\/wp\/v2\/pages"}],"about":[{"href":"https:\/\/www.hdgroup.cl\/compliance\/wp-json\/wp\/v2\/types\/page"}],"author":[{"embeddable":true,"href":"https:\/\/www.hdgroup.cl\/compliance\/wp-json\/wp\/v2\/users\/1"}],"replies":[{"embeddable":true,"href":"https:\/\/www.hdgroup.cl\/compliance\/wp-json\/wp\/v2\/comments?post=58"}],"version-history":[{"count":0,"href":"https:\/\/www.hdgroup.cl\/compliance\/wp-json\/wp\/v2\/pages\/58\/revisions"}],"wp:attachment":[{"href":"https:\/\/www.hdgroup.cl\/compliance\/wp-json\/wp\/v2\/media?parent=58"}],"curies":[{"name":"wp","href":"https:\/\/api.w.org\/{rel}","templated":true}]}}