{"id":51,"date":"2023-03-18T22:51:34","date_gmt":"2023-03-18T22:51:34","guid":{"rendered":"https:\/\/www.hdgroup.cl\/compliance\/?page_id=51"},"modified":"2025-08-25T16:43:09","modified_gmt":"2025-08-25T20:43:09","slug":"nosotros","status":"publish","type":"page","link":"https:\/\/www.hdgroup.cl\/compliance\/","title":{"rendered":"Nosotros"},"content":{"rendered":"\r\n<div class=\"wp-block-group alignfull\" style=\"padding: var(--wp--preset--spacing--50);\"><div class=\"wp-block-group__inner-container is-layout-constrained wp-container-core-group-is-layout-d399502e wp-block-group-is-layout-constrained\">\r\n<p class=\"enlace-linkedin\"><a href=\"https:\/\/www.linkedin.com\/company\/honorato-delaveau\/?originalSubdomain=cl\" target=\"_blank\" rel=\"noreferrer noopener\"><img decoding=\"async\" class=\"wp-image-433\" style=\"width: 26px;\" src=\"https:\/\/www.hdgroup.cl\/legal\/wp-content\/uploads\/sites\/2\/2023\/03\/icono-linkedin.svg\" alt=\"\" \/><\/a>HD Compliance<\/p>\r\n\r\n\r\n<h1 class=\"wp-block-post-title\">Nosotros<\/h1>\r\n\r\n\r\n<div class=\"wp-block-columns is-layout-flex wp-container-core-columns-is-layout-9d6595d7 wp-block-columns-is-layout-flex\">\r\n<div class=\"wp-block-column is-layout-flow wp-block-column-is-layout-flow\" style=\"flex-basis: 66.66%;\">\r\n<h2 class=\"wp-block-heading fw-light\">HD Compliance asesora a personas jur\u00eddicas de variados sectores econ\u00f3micos en el fortalecimiento de sus modelos de prevenci\u00f3n a trav\u00e9s del dise\u00f1o e implementaci\u00f3n de programas de cumplimiento eficaces, modelos de integridad corporativa, cumplimiento normativo e investigaciones internas, entre otras materias.<\/h2>\r\n<\/div>\r\n\r\n\r\n\r\n<div class=\"wp-block-column is-layout-flow wp-block-column-is-layout-flow\" style=\"flex-basis: 33.33%;\">\u00a0<\/div>\r\n<\/div>\r\n<\/div><\/div>\r\n\r\n\r\n\r\n<div class=\"wp-block-cover alignfull\" style=\"min-height: 420px;aspect-ratio:unset;\"><img decoding=\"async\" class=\"wp-block-cover__image-background wp-image-26\" src=\"https:\/\/www.hdgroup.cl\/legal\/wp-content\/uploads\/sites\/2\/2023\/03\/about-01_hd-legal.png\" alt=\"\" data-object-fit=\"cover\" \/>\r\n<div class=\"wp-block-cover__inner-container is-layout-flow wp-block-cover-is-layout-flow\">\r\n<p class=\"has-text-align-center has-large-font-size\">\u00a0<\/p>\r\n<\/div>\r\n<\/div>\r\n\r\n\r\n\r\n<div class=\"wp-block-group alignfull\" style=\"padding: var(--wp--preset--spacing--50);\"><div class=\"wp-block-group__inner-container is-layout-constrained wp-container-core-group-is-layout-c65b5469 wp-block-group-is-layout-constrained\">\r\n<div class=\"wp-block-columns is-layout-flex wp-container-core-columns-is-layout-9d6595d7 wp-block-columns-is-layout-flex\">\r\n<div class=\"wp-block-column is-layout-flow wp-block-column-is-layout-flow\">\r\n<h4 class=\"wp-block-heading\">Nuestra filosof\u00eda<\/h4>\r\n\r\n\r\n\r\n<p>Teniendo presente que la reputaci\u00f3n es un activo clave para una empresa, reforzamos y acompa\u00f1amos a los clientes en el desarrollo de una cultura corporativa que refleje altos est\u00e1ndares \u00e9ticos y las mejores pr\u00e1cticas a nivel nacional e internacional, promoviendo culturas de cumplimiento al interior de cada organizaci\u00f3n.<\/p>\r\n<\/div>\r\n\r\n\r\n\r\n<div class=\"wp-block-column is-layout-flow wp-block-column-is-layout-flow\">\r\n<h4 class=\"wp-block-heading\">Historia<\/h4>\r\n\r\n\r\n\r\n<p>HD Compliance nace el 2021 al alero del grupo HD y bajo el liderazgo de Rebeca Zamora y Carlos Fr\u00edas, abogados con una extensa y destacada trayectoria en la materia.<\/p>\r\n<\/div>\r\n\r\n\r\n\r\n<div class=\"wp-block-column is-layout-flow wp-block-column-is-layout-flow\">\r\n<h4 class=\"wp-block-heading\">Alianzas<\/h4>\r\n\r\n\r\n\r\n<p>Tenemos una alianza estrat\u00e9gica con Appliance, especialistas en soluciones para la gesti\u00f3n de riesgos y compliance a trav\u00e9s de la creaci\u00f3n de herramientas tecnol\u00f3gicas. Esta compa\u00f1\u00eda, a trav\u00e9s de la tecnolog\u00eda de Gaminification, colabora para nuestros clientes en el desarrollo de juegos y m\u00e9todos did\u00e1cticos de aprendizaje y E learnings, entre otros.<\/p>\r\n\r\n\r\n\r\n<p>Somos Partners de FinteChile, asociaci\u00f3n que representa y potencia el crecimiento de la industria FinTech de Chile.<\/p>\r\n<\/div>\r\n<\/div>\r\n\r\n\r\n\r\n<div class=\"wp-block-columns col-add is-layout-flex wp-container-core-columns-is-layout-9d6595d7 wp-block-columns-is-layout-flex\">\r\n<div class=\"wp-block-column is-layout-flow wp-block-column-is-layout-flow\">\r\n<h4 class=\"wp-block-heading\">Reconocimientos<\/h4>\r\n\r\n\r\n\r\n<p><a href=\"https:\/\/www.legal500.com\/firms\/53435-hd-legal\/c-chile\/rankings\" target=\"_blank\" rel=\"noreferrer noopener\">THE LEGAL 500<\/a><\/p>\r\n\r\n\r\n\r\n<p><a href=\"https:\/\/www.leadersleague.com\/en\/firm\/honorato-delaveau\" target=\"_blank\" rel=\"noreferrer noopener\">LEADERS LEAGUE<\/a><\/p>\r\n<\/div>\r\n\r\n\r\n\r\n<div class=\"wp-block-column is-layout-flow wp-block-column-is-layout-flow\">\u00a0<\/div>\r\n\r\n\r\n\r\n<div class=\"wp-block-column is-layout-flow wp-block-column-is-layout-flow\">\u00a0<\/div>\r\n<\/div>\r\n<\/div><\/div>\r\n\r\n\r\n\r\n<div class=\"wp-block-group alignfull\" style=\"padding: var(--wp--preset--spacing--50);\"><div class=\"wp-block-group__inner-container is-layout-constrained wp-container-core-group-is-layout-c65b5469 wp-block-group-is-layout-constrained\">\r\n<div class=\"wp-block-media-text alignwide is-stacked-on-mobile\" style=\"grid-template-columns: 48% auto;\">\r\n<figure class=\"wp-block-media-text__media\"><img decoding=\"async\" class=\"wp-image-27 size-full\" src=\"https:\/\/www.hdgroup.cl\/legal\/wp-content\/uploads\/sites\/2\/2023\/03\/about-02_hd-legal.png\" alt=\"\" \/><\/figure>\r\n<div class=\"wp-block-media-text__content\">\r\n<h2 class=\"wp-block-heading\">Cumplimiento e Integridad Corporativa<\/h2>\r\n\r\n\r\n\r\n<p style=\"font-size: 24px;\">Asesoramos en procesos de due diligence para la evaluaci\u00f3n de los sistemas de cumplimiento y anticorrupci\u00f3n de distintas empresas, revisando sus actividades, programas, pol\u00edticas y controles, con el objeto de detectar y mitigar los riesgos de transmisi\u00f3n legal de responsabilidad penal corporativa y\/o administrativa, y que pueda derivarse de hechos anteriores a una operaci\u00f3n.<\/p>\r\n<\/div>\r\n<\/div>\r\n<\/div><\/div>\r\n\r\n\r\n\r\n<div class=\"wp-block-group alignfull bloque-info-grid border-top border-bottom\" style=\"padding: var(--wp--preset--spacing--50);\"><div class=\"wp-block-group__inner-container is-layout-constrained wp-container-core-group-is-layout-c65b5469 wp-block-group-is-layout-constrained\">\r\n<div class=\"wp-block-columns is-layout-flex wp-container-core-columns-is-layout-9d6595d7 wp-block-columns-is-layout-flex\">\r\n<div class=\"wp-block-column is-vertically-aligned-center has-background is-layout-flow wp-block-column-is-layout-flow\" style=\"background-color: #d7d8d8;\">\r\n<h2 class=\"wp-block-heading\" style=\"font-size: 60px;\">+20<\/h2>\r\n\r\n\r\n\r\n<p class=\"has-medium-font-size\">Pa\u00edses con cobertura a trav\u00e9s de nuestros socios RLI.<\/p>\r\n\r\n\r\n\r\n<p style=\"text-transform: uppercase;\"><a href=\"https:\/\/www.rlilaw.com\/\">VER M\u00c1S<\/a><\/p>\r\n<\/div>\r\n\r\n\r\n\r\n<div class=\"wp-block-column is-vertically-aligned-center has-background is-layout-flow wp-block-column-is-layout-flow\" style=\"background-color: #ecece8;\"><div class=\"wp-block-image\">\r\n<figure class=\"aligncenter size-large is-resized\"><img loading=\"lazy\" decoding=\"async\" class=\"wp-image-53\" src=\"https:\/\/www.hdgroup.cl\/legal\/wp-content\/uploads\/sites\/2\/2023\/03\/smile.svg\" alt=\"\" width=\"48\" height=\"48\" \/><\/figure>\r\n<\/div>\r\n\r\n\r\n<h2 class=\"wp-block-heading has-text-align-center has-large-font-size\">Construimos soluciones innovadoras<\/h2>\r\n<\/div>\r\n\r\n\r\n\r\n<div class=\"wp-block-column is-vertically-aligned-center has-background is-layout-flow wp-block-column-is-layout-flow\" style=\"background-color: #a0bdc3;\">\r\n<h2 class=\"wp-block-heading\" style=\"font-size: 60px;\">+10<\/h2>\r\n\r\n\r\n\r\n<p class=\"has-medium-font-size\">Servicios para programas de cumplimiento eficaces en todas sus etapas<\/p>\r\n\r\n\r\n\r\n<p style=\"text-transform: uppercase;\"><a href=\"https:\/\/www.hdgroup.cl\/compliance\/es\/areas-de-practica\/\" data-type=\"page\" data-id=\"53\">conoce m\u00e1s<\/a><\/p>\r\n<\/div>\r\n\r\n\r\n\r\n<div class=\"wp-block-column is-vertically-aligned-center has-background is-layout-flow wp-block-column-is-layout-flow\" style=\"background-color: #a29e9d;\"><div class=\"wp-block-image\">\r\n<figure class=\"aligncenter size-large is-resized\"><img loading=\"lazy\" decoding=\"async\" class=\"wp-image-53\" src=\"https:\/\/www.hdgroup.cl\/legal\/wp-content\/uploads\/sites\/2\/2023\/03\/smile.svg\" alt=\"\" width=\"48\" height=\"48\" \/><\/figure>\r\n<\/div>\r\n\r\n\r\n<h2 class=\"wp-block-heading has-text-align-center has-large-font-size\">Con el mejor talento<\/h2>\r\n<\/div>\r\n<\/div>\r\n<\/div><\/div>\r\n\r\n\r\n\r\n<div class=\"wp-block-group alignfull border-bottom multiply\" style=\"padding: var(--wp--preset--spacing--50);\"><div class=\"wp-block-group__inner-container is-layout-constrained wp-container-core-group-is-layout-c65b5469 wp-block-group-is-layout-constrained\">\r\n<div class=\"wp-block-columns w-75 mx-auto is-layout-flex wp-container-core-columns-is-layout-9d6595d7 wp-block-columns-is-layout-flex\">\r\n<div class=\"wp-block-column is-vertically-aligned-center is-layout-flow wp-block-column-is-layout-flow\">\r\n<figure><\/figure>\r\n<figure><\/figure>\r\n<figure class=\"wp-block-image aligncenter size-large\"><img decoding=\"async\" src=\"https:\/\/www.hdgroup.cl\/legal\/wp-content\/uploads\/sites\/2\/2023\/03\/logo-legal-500_hd-legal.svg\" alt=\"\" \/><\/figure>\r\n<\/div>\r\n\r\n\r\n\r\n<div class=\"wp-block-column is-vertically-aligned-center is-layout-flow wp-block-column-is-layout-flow\"><div class=\"wp-block-image\">\r\n<figure class=\"aligncenter size-large\"><img decoding=\"async\" src=\"https:\/\/www.hdgroup.cl\/legal\/wp-content\/uploads\/sites\/2\/2023\/03\/logo-lwc_hd-legal.svg\" alt=\"\" \/><\/figure>\r\n<\/div><\/div>\r\n\r\n\r\n\r\n<div class=\"wp-block-column is-vertically-aligned-center is-layout-flow wp-block-column-is-layout-flow\"><div class=\"wp-block-image\">\r\n<figure class=\"aligncenter size-full\"><img loading=\"lazy\" decoding=\"async\" width=\"142\" height=\"49\" class=\"wp-image-173\" src=\"https:\/\/www.hdgroup.cl\/compliance\/wp-content\/uploads\/sites\/3\/2023\/03\/logo-leaders-league.png\" alt=\"\" \/><\/figure>\r\n<\/div><\/div>\r\n\r\n\r\n<div class=\"wp-block-column is-vertically-aligned-center is-layout-flow wp-block-column-is-layout-flow\"><div class=\"wp-block-image\">\r\n<figure class=\"aligncenter size-large\"><img loading=\"lazy\" decoding=\"async\" class=\"\" src=\"https:\/\/www.hdgroup.cl\/compliance\/wp-content\/uploads\/sites\/3\/2025\/08\/Chambers-BYN.png\" alt=\"\" width=\"141\" height=\"41\" \/><\/figure>\r\n<\/div><\/div>\r\n\r\n\r\n<\/div><\/div>\r\n<!-- \/wp:post-content --><\/div>\r\n<!-- \/wp:column --><\/div>\r\n<!-- \/wp:columns --><\/div>\r\n<!-- \/wp:group -->","protected":false},"excerpt":{"rendered":"<p>HD Compliance HD Compliance asesora a personas jur\u00eddicas de variados sectores econ\u00f3micos en el fortalecimiento de sus modelos de prevenci\u00f3n a trav\u00e9s del dise\u00f1o e implementaci\u00f3n de programas de cumplimiento eficaces, modelos de integridad corporativa, cumplimiento normativo e investigaciones internas, entre otras materias. \u00a0 Nuestra filosof\u00eda Teniendo presente que la reputaci\u00f3n es un activo clave<\/p>\n","protected":false},"author":1,"featured_media":0,"parent":0,"menu_order":2,"comment_status":"closed","ping_status":"closed","template":"","meta":{"_acf_changed":false,"footnotes":""},"class_list":["post-51","page","type-page","status-publish","hentry"],"acf":[],"lang":"es","translations":{"es":51,"en":8},"meta_box":{"general_bg-color":"#a0bdc3"},"pll_sync_post":[],"_links":{"self":[{"href":"https:\/\/www.hdgroup.cl\/compliance\/wp-json\/wp\/v2\/pages\/51","targetHints":{"allow":["GET"]}}],"collection":[{"href":"https:\/\/www.hdgroup.cl\/compliance\/wp-json\/wp\/v2\/pages"}],"about":[{"href":"https:\/\/www.hdgroup.cl\/compliance\/wp-json\/wp\/v2\/types\/page"}],"author":[{"embeddable":true,"href":"https:\/\/www.hdgroup.cl\/compliance\/wp-json\/wp\/v2\/users\/1"}],"replies":[{"embeddable":true,"href":"https:\/\/www.hdgroup.cl\/compliance\/wp-json\/wp\/v2\/comments?post=51"}],"version-history":[{"count":0,"href":"https:\/\/www.hdgroup.cl\/compliance\/wp-json\/wp\/v2\/pages\/51\/revisions"}],"wp:attachment":[{"href":"https:\/\/www.hdgroup.cl\/compliance\/wp-json\/wp\/v2\/media?parent=51"}],"curies":[{"name":"wp","href":"https:\/\/api.w.org\/{rel}","templated":true}]}}