{"id":382,"date":"2024-08-09T17:36:36","date_gmt":"2024-08-09T17:36:36","guid":{"rendered":"https:\/\/www.hdgroup.cl\/compliance\/?page_id=382"},"modified":"2024-08-09T17:36:36","modified_gmt":"2024-08-09T17:36:36","slug":"trabaja-con-nosotros","status":"publish","type":"page","link":"https:\/\/www.hdgroup.cl\/compliance\/trabaja-con-nosotros\/","title":{"rendered":"Trabaja con nosotros"},"content":{"rendered":"\n<div class=\"wp-block-group alignfull border-bottom\" style=\"padding-top:var(--wp--preset--spacing--50);padding-right:var(--wp--preset--spacing--50);padding-bottom:var(--wp--preset--spacing--50);padding-left:var(--wp--preset--spacing--50)\"><div class=\"wp-block-group__inner-container is-layout-constrained wp-container-core-group-is-layout-d399502e wp-block-group-is-layout-constrained\">\n<p class=\"enlace-linkedin\"><a href=\"https:\/\/www.linkedin.com\/company\/honorato-delaveau\/?originalSubdomain=cl\" target=\"_blank\" rel=\"noreferrer noopener\"><img decoding=\"async\" class=\"wp-image-433\" style=\"width: 26px;\" src=\"https:\/\/www.hdgroup.cl\/legal\/wp-content\/uploads\/sites\/2\/2023\/03\/icono-linkedin.svg\" alt=\"\"><\/a><\/p>\n\n\n<h1 class=\"wp-block-post-title\">Trabaja con nosotros<\/h1>\n\n\n<div class=\"wp-block-columns is-layout-flex wp-container-core-columns-is-layout-9d6595d7 wp-block-columns-is-layout-flex\">\n<div class=\"wp-block-column is-layout-flow wp-block-column-is-layout-flow\" style=\"flex-basis:100%\"><div class=\"frm_forms  with_frm_style frm_style_formidable-style\" id=\"frm_form_2_container\" data-token=\"7daa0f597e8be518181d39b022269039\">\n<form enctype=\"multipart\/form-data\" method=\"post\" class=\"frm-show-form  frm_pro_form \" id=\"form_trabaja-con-nosotros\" data-token=\"7daa0f597e8be518181d39b022269039\">\n<div class=\"frm_form_fields \">\n<fieldset>\n<legend class=\"frm_screen_reader\">Trabaja Con Nosotros<\/legend>\r\n\r\n<div class=\"frm_fields_container\">\n<input type=\"hidden\" name=\"frm_action\" value=\"create\" \/>\n<input type=\"hidden\" name=\"form_id\" value=\"2\" \/>\n<input type=\"hidden\" name=\"frm_hide_fields_2\" id=\"frm_hide_fields_2\" value=\"\" \/>\n<input type=\"hidden\" name=\"form_key\" value=\"trabaja-con-nosotros\" \/>\n<input type=\"hidden\" name=\"item_meta[0]\" value=\"\" \/>\n<input type=\"hidden\" id=\"frm_submit_entry_2\" name=\"frm_submit_entry_2\" value=\"d3d6f8bf49\" \/><input type=\"hidden\" name=\"_wp_http_referer\" value=\"\/compliance\/wp-json\/wp\/v2\/pages\/382\" \/><div id=\"frm_field_6_container\" class=\"frm_form_field frm_section_heading form-field \">\r\n<h3 class=\"frm_pos_top frm_section_spacing\">Datos personales <\/h3>\r\n\r\n\r\n<div id=\"frm_field_7_container\" class=\"frm_form_field form-field  frm_required_field frm_top_container frm6 frm_first\">\r\n    <label for=\"field_1bzzp\" id=\"field_1bzzp_label\" class=\"frm_primary_label\">Nombre\r\n        <span class=\"frm_required\">*<\/span>\r\n    <\/label>\r\n    <input type=\"text\" id=\"field_1bzzp\" name=\"item_meta[7]\" value=\"\"  data-sectionid=\"3947\" data-reqmsg=\"Nombre no puede estar en blanco.\" aria-required=\"true\" data-invmsg=\"Text is invalid\" aria-invalid=\"false\"  \/>\r\n    \r\n    \r\n<\/div>\n<div id=\"frm_field_8_container\" class=\"frm_form_field form-field  frm_required_field frm_top_container frm6\">\r\n    <label for=\"field_xw7gn\" id=\"field_xw7gn_label\" class=\"frm_primary_label\">Apellido\r\n        <span class=\"frm_required\">*<\/span>\r\n    <\/label>\r\n    <input type=\"text\" id=\"field_xw7gn\" name=\"item_meta[8]\" value=\"\"  data-sectionid=\"3947\" data-reqmsg=\"Apellido no puede estar en blanco.\" aria-required=\"true\" data-invmsg=\"Text is invalid\" aria-invalid=\"false\"  \/>\r\n    \r\n    \r\n<\/div>\n<div id=\"frm_field_9_container\" class=\"frm_form_field form-field  frm_required_field frm_top_container frm_first frm_half\">\r\n    <label for=\"field_zyb61\" id=\"field_zyb61_label\" class=\"frm_primary_label\">Correo electr\u00f3nico\r\n        <span class=\"frm_required\">*<\/span>\r\n    <\/label>\r\n    <input type=\"email\" id=\"field_zyb61\" name=\"item_meta[9]\" value=\"\"  data-sectionid=\"3947\" data-reqmsg=\"Correo electr\u00f3nico no puede estar en blanco.\" aria-required=\"true\" data-invmsg=\"Correo electr\u00f3nico no es v\u00e1lido\" aria-invalid=\"false\"  \/>\r\n    \r\n    \r\n<\/div>\n<div id=\"frm_field_10_container\" class=\"frm_form_field form-field  frm_required_field frm_top_container frm_half\">\r\n    <label for=\"field_ziexf\" id=\"field_ziexf_label\" class=\"frm_primary_label\">Tel\u00e9fono\r\n        <span class=\"frm_required\">*<\/span>\r\n    <\/label>\r\n    <div class=\"frm_input_group frm_with_box frm_with_pre\"><span class=\"frm_inline_box\">+<\/span><input type=\"tel\" id=\"field_ziexf\" name=\"item_meta[10]\" value=\"\"  data-sectionid=\"3947\" maxlength=\"12\" data-reqmsg=\"Tel\u00e9fono no puede estar en blanco.\" aria-required=\"true\" data-invmsg=\"Tel\u00e9fono no es v\u00e1lido\" aria-invalid=\"false\" pattern=\"((\\+\\d{1,3}(-|.| )?\\(?\\d\\)?(-| |.)?\\d{1,5})|(\\(?\\d{2,6}\\)?))(-|.| )?(\\d{3,4})(-|.| )?(\\d{4})(( x| ext)\\d{1,5}){0,1}$\"   aria-describedby=\"frm_desc_field_ziexf\"\/><\/div>\r\n    <div class=\"frm_description\" id=\"frm_desc_field_ziexf\">Formato internacional<\/div>\r\n    \r\n<\/div>\n<\/div>\n<div id=\"frm_field_12_container\" class=\"frm_form_field frm_section_heading form-field \">\r\n<h3 class=\"frm_pos_top frm_section_spacing\">Informaci\u00f3n profesional<\/h3>\r\n\r\n\r\n<div id=\"frm_field_13_container\" class=\"frm_form_field form-field  frm_required_field frm_top_container frm6 frm_first\">\r\n    <label for=\"field_zpap1\" id=\"field_zpap1_label\" class=\"frm_primary_label\">Cargo al que postula\r\n        <span class=\"frm_required\">*<\/span>\r\n    <\/label>\r\n    <input type=\"text\" id=\"field_zpap1\" name=\"item_meta[13]\" value=\"\"  data-sectionid=\"3953\" data-reqmsg=\"Cargo al que postula no puede estar en blanco.\" aria-required=\"true\" data-invmsg=\"Text is invalid\" aria-invalid=\"false\"  \/>\r\n    \r\n    \r\n<\/div>\n<div id=\"frm_field_14_container\" class=\"frm_form_field form-field  frm_required_field frm_top_container frm6\">\r\n\t<label for=\"field_9526y\" id=\"field_9526y_label\" class=\"frm_primary_label\">Experiencia laboral\r\n\t\t<span class=\"frm_required\" aria-hidden=\"true\">*<\/span>\r\n\t<\/label>\r\n\t\t\t<select name=\"item_meta[14]\" id=\"field_9526y\"  data-reqmsg=\"Experiencia laboral no puede estar en blanco.\" aria-required=\"true\" data-invmsg=\"Experiencia laboral no es v\u00e1lido\" aria-invalid=\"false\"  >\n\t\t<option  value=\"\" selected='selected'> <\/option><option  value=\"Licenciado\">Licenciado<\/option><option  value=\"1 a 2 a\u00f1os de experiencia\">1 a 2 a\u00f1os de experiencia<\/option><option  value=\"3 a 5 a\u00f1os de experiencia\">3 a 5 a\u00f1os de experiencia<\/option><option  value=\"M\u00e1s de 5 a\u00f1os de experiencia\">M\u00e1s de 5 a\u00f1os de experiencia<\/option>\t<\/select>\n\t\r\n\t\r\n\t\r\n<\/div>\n<div id=\"frm_field_15_container\" class=\"frm_form_field form-field  frm_required_field frm_top_container frm4 frm_first frm_other_container\">\r\n\t<label for=\"field_wc4p9\" id=\"field_wc4p9_label\" class=\"frm_primary_label\">Universidad\r\n\t\t<span class=\"frm_required\" aria-hidden=\"true\">*<\/span>\r\n\t<\/label>\r\n\t\t\t<select name=\"item_meta[15]\" id=\"field_wc4p9\"  data-placeholder=\"Selecionar...\"  placeholder=\"Selecionar...\" data-reqmsg=\"Universidad no puede estar en blanco.\" aria-required=\"true\" data-invmsg=\"Universidad no es v\u00e1lido\" class=\"auto_width frm_slimselect\" aria-invalid=\"false\"  >\n\t\t<option  class=\"frm-select-placeholder\" value=\"\" data-placeholder=\"true\">Selecionar...<\/option><option  value=\"Universidad de Chile\">Universidad de Chile<\/option><option  value=\"Pontificia Universidad Cat\u00f3lica de Chile\">Pontificia Universidad Cat\u00f3lica de Chile<\/option><option  value=\"Universidad de Los Andes\">Universidad de Los Andes<\/option><option  value=\"Universidad Adolfo Ib\u00e1\u00f1ez\">Universidad Adolfo Ib\u00e1\u00f1ez<\/option><option  value=\"Pontificia Universidad Cat\u00f3lica de Valpara\u00edso\">Pontificia Universidad Cat\u00f3lica de Valpara\u00edso<\/option><option  value=\"Otra\" class=\"frm_other_trigger\">Otra<\/option>\t<\/select>\n\t<label for=\"field_wc4p9-otext\" class=\"frm_screen_reader frm_hidden\">Universidad<\/label><input type=\"text\" id=\"field_wc4p9-otext\" class=\"frm_other_input frm_pos_none\"  name=\"item_meta[other][15]\" value=\"\" \/>\r\n\t\r\n\t\r\n<\/div>\n<div id=\"frm_field_16_container\" class=\"frm_form_field form-field  frm_required_field frm_top_container frm4\">\r\n\t<label for=\"field_kt86t\" id=\"field_kt86t_label\" class=\"frm_primary_label\">\u00c1reas de inter\u00e9s\r\n\t\t<span class=\"frm_required\" aria-hidden=\"true\">*<\/span>\r\n\t<\/label>\r\n\t\t\t<select name=\"item_meta[16]\" id=\"field_kt86t\"  data-placeholder=\"Selecionar...\"  placeholder=\"Selecionar...\" data-reqmsg=\"\u00c1reas de inter\u00e9s no puede estar en blanco.\" aria-required=\"true\" data-invmsg=\"\u00c1reas de inter\u00e9s no es v\u00e1lido\" aria-invalid=\"false\"  >\n\t\t<option  class=\"frm-select-placeholder\" value=\"\" data-placeholder=\"true\">Selecionar...<\/option><option  value=\"Fintech\">Fintech<\/option><option  value=\"Compliance\">Compliance<\/option><option  value=\"Corporativo|M&amp;A\">Corporativo|M&amp;A<\/option><option  value=\"Inmobiliario\">Inmobiliario<\/option><option  value=\"Tributario\">Tributario<\/option><option  value=\"Litigios y Arbitrajes\">Litigios y Arbitrajes<\/option><option  value=\"Mercado de Capitales\">Mercado de Capitales<\/option>\t<\/select>\n\t\r\n\t\r\n\t\r\n<\/div>\n<div id=\"frm_field_17_container\" class=\"frm_form_field form-field  frm_required_field frm_top_container frm4\">\r\n\t<label for=\"field_msf0e\" id=\"field_msf0e_label\" class=\"frm_primary_label\">Nivel de ingl\u00e9s\r\n\t\t<span class=\"frm_required\" aria-hidden=\"true\">*<\/span>\r\n\t<\/label>\r\n\t\t\t<select name=\"item_meta[17]\" id=\"field_msf0e\"  data-placeholder=\"Selecionar...\"  placeholder=\"Selecionar...\" data-reqmsg=\"Nivel de ingl\u00e9s no puede estar en blanco.\" aria-required=\"true\" data-invmsg=\"Nivel de ingl\u00e9s no es v\u00e1lido\" aria-invalid=\"false\"  >\n\t\t<option  class=\"frm-select-placeholder\" value=\"\" data-placeholder=\"true\">Selecionar...<\/option><option  value=\"B\u00e1sico\">B\u00e1sico<\/option><option  value=\"Intermedio\">Intermedio<\/option><option  value=\"Avanzado\">Avanzado<\/option><option  value=\"Nativo\">Nativo<\/option>\t<\/select>\n\t\r\n\t\r\n\t\r\n<\/div>\n<div id=\"frm_field_18_container\" class=\"frm_form_field form-field  frm_required_field frm_top_container frm_total\">\r\n\t<label for=\"field_ngwen\" id=\"field_ngwen_label\" class=\"frm_primary_label\">Adjuntar CV \r\n\t\t<span class=\"frm_required\" aria-hidden=\"true\">*<\/span>\r\n\t<\/label>\r\n\t<input type=\"hidden\"  data-sectionid=\"12\" data-reqmsg=\"Adjuntar CV  no puede estar en blanco.\" data-invmsg=\"Adjuntar CV  is invalid\" class=\"auto_width\" aria-invalid=\"false\"   name=\"item_meta[18]\"  data-reqmsg=\"Adjuntar CV  no puede estar en blanco.\"  value=\"\" data-frmfile=\"18\" \/>\n\n<div class=\"frm_dropzone frm_single_upload frm_clearfix\" id=\"file18_dropzone\" role=\"group\"  aria-describedby=\"frm_desc_field_ngwen\">\n\t<div class=\"fallback\">\n\t\t<input type=\"file\" name=\"file18\" id=\"field_ngwen\"\n\t\t\t data-sectionid=\"12\" data-reqmsg=\"Adjuntar CV  no puede estar en blanco.\" data-invmsg=\"Adjuntar CV  is invalid\" class=\"auto_width\" aria-invalid=\"false\"  \t\t\t\/>\n\t\t\t\t<div class=\"frm_clearfix \"><\/div>\n\t<\/div>\n\t<div class=\"dz-message needsclick\">\n\t\t\t\t<svg  viewBox=\"0 0 18 18\" class=\"frmsvg frm-svg-icon\">\n\t<path viewBox=\"0 0 18 18\" fill-rule=\"evenodd\" clip-rule=\"evenodd\" d=\"M8.2 4v8a.8.8 0 001.5 0V4l2.1 2.2A.7.7 0 1013 5L9.5 1.7a.7.7 0 00-1.1 0L5.1 5.2a.8.8 0 001 1l2.1-2zm7.6 4.3c.4 0 .7.3.7.7v6.8c0 .4-.3.7-.8.7H2.3a.8.8 0 01-.8-.8V9A.8.8 0 013 9v6h12V9c0-.4.3-.8.8-.8z\"><\/path>\n<\/svg>\t\t<span class=\"frm_upload_text\"><button type=\"button\" aria-label=\"Adjuntar CV . Suelte un archivo aqu\u00ed o haga clic para cargar. Maximum file size: 1MB\">Suelte un archivo aqu\u00ed o haga clic para cargar<\/button><\/span>\n\t\t<span class=\"frm_compact_text\"><button type=\"button\" aria-label=\"Adjuntar CV . Elija el archivo. Maximum file size: 1MB\">Elija el archivo<\/button><\/span>\n\t\t<div class=\"frm_small_text\">\n\t\t\t<p>Maximum file size: 1MB<\/p>\n\t\t<\/div>\n\t<\/div>\n<\/div>\n\t\r\n\t<div class=\"frm_description\" id=\"frm_desc_field_ngwen\">Archivos permitidos PDF<\/div>\r\n\t\r\n<\/div>\n<\/div>\n<div id=\"frm_field_20_container\" class=\"frm_form_field form-field  frm_right_container frm12\">\r\n\t<label for=\"field_3y7m1\" id=\"field_3y7m1_label\" class=\"frm_primary_label\">Acepto expresamente la\u00a0<a href=\"https:\/\/www.hdgroup.cl\/wp-content\/themes\/hd\/pdf\/politica-de-proteccion-de-datos-personales.pdf\" target=\"_blank\" rel=\"noopener\">pol\u00edtica de tratamiento de datos personales<\/a> de HD Group \r\n\t\t<span class=\"frm_required\" aria-hidden=\"true\"><\/span>\r\n\t<\/label>\r\n\t\n<div >\n    <label class=\"frm_switch_block\">\n\t\t\n\t\t<input type=\"checkbox\" name=\"item_meta[20][]\" id=\"field_3y7m1\" value=\"\"\n\t\t\t checked='checked'\t\t\t\t\t\t data-invmsg=\"Acepto expresamente la\u00a0&lt;a href=&quot;https:\/\/www.hdgroup.cl\/wp-content\/themes\/hd\/pdf\/politica-de-proteccion-de-datos-personales.pdf&quot; target=&quot;_blank&quot; rel=&quot;noopener&quot;&gt;pol\u00edtica de tratamiento de datos personales&lt;\/a&gt; de HD Group  no es v\u00e1lido\" aria-invalid=\"false\"  \t\t\/>\n\n\t\t<span class=\"frm_switch\" tabindex=\"0\" role=\"switch\" aria-labelledby=\"field_3y7m1_label\" aria-checked=\"true\">\n\t\t\t<span class=\"frm_slider\"><\/span>\n\t\t<\/span>\n\n\t\t\t\t\t<span class=\"frm_on_label frm_switch_opt\"><\/span>\n\t\t\t<\/label>\n<\/div>\n\r\n\t\r\n\t\r\n<\/div>\n<div id=\"frm_field_21_container\" class=\"frm_form_field form-field \">\r\n\t<div class=\"frm_submit\">\r\n\r\n<button class=\"frm_button_submit frm_final_submit\" type=\"submit\"  >Enviar<\/button>\r\n\r\n<\/div>\r\n<\/div>\n\t<input type=\"hidden\" name=\"item_key\" value=\"\" \/>\n\t\t\t<div id=\"frm_field_38_container\">\n\t\t\t<label for=\"field_286ms\" >\n\t\t\t\tSi eres humano, deja este campo en blanco.\t\t\t<\/label>\n\t\t\t<input  id=\"field_286ms\" type=\"text\" class=\"frm_form_field form-field frm_verify\" name=\"item_meta[38]\" value=\"\"  \/>\n\t\t<\/div>\n\t\t<input name=\"frm_state\" type=\"hidden\" value=\"jB2jGbM7\/nw9MrzXDrOxfsU1WB1se6aI4IXo4b5jMaj7NFwkYlp0bUWfvT5smC3B\" \/><\/div>\n<\/fieldset>\n<\/div>\n\n<\/form>\n<\/div>\n\n<\/div>\n<\/div>\n\n\n\n<div style=\"height:70px\" aria-hidden=\"true\" class=\"wp-block-spacer\"><\/div>\n<\/div><\/div>\n","protected":false},"excerpt":{"rendered":"","protected":false},"author":5,"featured_media":0,"parent":0,"menu_order":10,"comment_status":"closed","ping_status":"closed","template":"","meta":{"_acf_changed":false,"footnotes":""},"class_list":["post-382","page","type-page","status-publish","hentry"],"acf":[],"lang":"es","translations":{"es":382,"en":389},"meta_box":{"general_bg-color":"#ecece8"},"pll_sync_post":[],"_links":{"self":[{"href":"https:\/\/www.hdgroup.cl\/compliance\/wp-json\/wp\/v2\/pages\/382","targetHints":{"allow":["GET"]}}],"collection":[{"href":"https:\/\/www.hdgroup.cl\/compliance\/wp-json\/wp\/v2\/pages"}],"about":[{"href":"https:\/\/www.hdgroup.cl\/compliance\/wp-json\/wp\/v2\/types\/page"}],"author":[{"embeddable":true,"href":"https:\/\/www.hdgroup.cl\/compliance\/wp-json\/wp\/v2\/users\/5"}],"replies":[{"embeddable":true,"href":"https:\/\/www.hdgroup.cl\/compliance\/wp-json\/wp\/v2\/comments?post=382"}],"version-history":[{"count":0,"href":"https:\/\/www.hdgroup.cl\/compliance\/wp-json\/wp\/v2\/pages\/382\/revisions"}],"wp:attachment":[{"href":"https:\/\/www.hdgroup.cl\/compliance\/wp-json\/wp\/v2\/media?parent=382"}],"curies":[{"name":"wp","href":"https:\/\/api.w.org\/{rel}","templated":true}]}}